{"id":679,"date":"2018-06-08T09:30:54","date_gmt":"2018-06-08T09:30:54","guid":{"rendered":"http:\/\/ande.mikado-themes.com\/?page_id=679"},"modified":"2025-05-25T11:04:30","modified_gmt":"2025-05-25T09:04:30","slug":"home","status":"publish","type":"page","link":"https:\/\/weyers-restaurant.de\/en\/","title":{"rendered":"Home"},"content":{"rendered":"<div data-parallax-bg-image=\"https:\/\/weyers-restaurant.de\/wp-content\/uploads\/2021\/06\/titleWeyers_30w.jpg\" data-parallax-bg-speed=\"1\" class=\"vc_row wpb_row vc_row-fluid mkdf-custom-appear vc_custom_1624603959456 vc_row-o-full-height vc_row-o-columns-middle vc_row-flex mkdf-parallax-row-holder mkdf-content-aligment-center\" ><div class=\"wpb_column vc_column_container vc_col-sm-12\"><div class=\"vc_column-inner\"><div class=\"wpb_wrapper\"><div class=\"vc_row wpb_row vc_inner vc_row-fluid vc_custom_1624185801145 mkdf-content-aligment-center\" ><div class=\"wpb_column vc_column_container vc_col-sm-5 vc_col-lg-8 vc_col-md-6 vc_col-xs-2\"><div class=\"vc_column-inner\"><div class=\"wpb_wrapper\"><\/div><\/div><\/div><div class=\"mkdf-custom-appear-right wpb_column vc_column_container vc_col-sm-7 vc_col-lg-4 vc_col-md-6 vc_col-xs-12 vc_col-has-fill\"><div class=\"vc_column-inner vc_custom_1624185636577\"><div class=\"wpb_wrapper\"><div class=\"mkdf-elements-holder   mkdf-one-column  mkdf-responsive-mode-768\" ><div class=\"mkdf-eh-item   mkdf-horizontal-alignment-center\" style=\"background-color: #f7e5b0\" data-item-class=\"mkdf-eh-custom-1668\" data-1367-1600=\"15.5% 20% 24%\" data-1025-1366=\"6.7% 20% 16.1%\" data-769-1024=\"10% 20% 17%\" data-681-768=\"7% 18% 17%\" data-680=\"5% 6% 20%\">\n\t<div class=\"mkdf-eh-item-inner\">\n\t\t<div class=\"mkdf-eh-item-content mkdf-eh-custom-1668\" style=\"padding: 17% 20% 24%\">\n\t\t\t\n\t<div  class=\"wpb_single_image wpb_content_element vc_align_center\">\n\t\t\n\t\t<figure class=\"wpb_wrapper vc_figure\">\n\t\t\t<div class=\"vc_single_image-wrapper   vc_box_border_grey\"><img loading=\"lazy\" decoding=\"async\" width=\"200\" height=\"65\" src=\"https:\/\/weyers-restaurant.de\/wp-content\/uploads\/2021\/06\/WeyersZuschnittKlein.png\" class=\"vc_single_image-img attachment-full\" alt=\"\" srcset=\"https:\/\/weyers-restaurant.de\/wp-content\/uploads\/2021\/06\/WeyersZuschnittKlein.png 200w, https:\/\/weyers-restaurant.de\/wp-content\/uploads\/2021\/06\/WeyersZuschnittKlein-16x5.png 16w\" sizes=\"auto, (max-width: 200px) 100vw, 200px\" \/><\/div>\n\t\t<\/figure>\n\t<\/div>\n<div class=\"mkdf-section-title-holder  mkdf-st-standard mkdf-st-title-left mkdf-st-normal-space\" >\n\t<div class=\"mkdf-st-inner\">\n\t\t\t\t<div class=\"mkdf-separator-holder clearfix\">\n\t<div class=\"mkdf-separator\" style=\"border-color: #272a6d;width: 80px;border-bottom-width: 2px;margin-top: 55px;margin-bottom: 55px\"><\/div>\n<\/div>\n\t\t\t<\/div>\n<\/div><a itemprop=\"url\" href=\"https:\/\/weyers-restaurant.de\/en\/reservierung\/\" target=\"_self\" style=\"color: #ffffff;background-color: #272a6d;border-color: #272a6d\" class=\"mkdf-btn mkdf-btn-medium mkdf-btn-solid mkdf-btn-custom-hover-bg mkdf-btn-custom-border-hover mkdf-btn-custom-hover-color\" data-hover-color=\"#272a6d\" data-hover-bg-color=\"#ffffff\" data-hover-border-color=\"#272a6d\" >\n    <span class=\"mkdf-btn-text\">Book a Table<\/span>\n    <\/a><div class=\"vc_empty_space\"   style=\"height: 53px\"><span class=\"vc_empty_space_inner\"><\/span><\/div>\n\t<div class=\"wpb_text_column wpb_content_element\" >\n\t\t<div class=\"wpb_wrapper\">\n\t\t\t<h5 style=\"text-align: center; font-size: 18px;\">A bistro restaurant as it should be: casual atmosphere, friendly service, really good food, reasonable prices and nice outdoor area.<\/h5>\n\n\t\t<\/div>\n\t<\/div>\n\t\t<\/div>\n\t<\/div>\n<\/div><\/div><\/div><\/div><\/div><\/div><\/div><\/div><\/div><\/div><div class=\"vc_row wpb_row vc_row-fluid vc_custom_1624184358170 mkdf-content-aligment-center\" style=\"background-color:#f7e5b0\"><div class=\"wpb_column vc_column_container vc_col-sm-12\"><div class=\"vc_column-inner\"><div class=\"wpb_wrapper\"><div class=\"mkdf-elements-holder   mkdf-one-column  mkdf-responsive-mode-768\" ><div class=\"mkdf-eh-item   mkdf-horizontal-alignment-center\"  data-item-class=\"mkdf-eh-custom-4709\" data-1025-1366=\"0px 20%\" data-769-1024=\"0px 18%\" data-681-768=\"0px 8%\" data-680=\"0px 4%\">\n\t<div class=\"mkdf-eh-item-inner\">\n\t\t<div class=\"mkdf-eh-item-content mkdf-eh-custom-4709\" style=\"padding: 0px 26%\">\n\t\t\t<div class=\"mkdf-section-title-holder  mkdf-st-standard mkdf-st-title-left mkdf-st-normal-space\" >\n\t<div class=\"mkdf-st-inner\">\n\t\t\t\t\t<h2 class=\"mkdf-st-title\" >\n\t\t\t\tRestaurant Weyers\t\t\t<\/h2>\n\t\t\t\t<div class=\"mkdf-separator-holder clearfix\">\n\t<div class=\"mkdf-separator\" style=\"border-color: #272a6d;width: 80px;border-bottom-width: 2px\"><\/div>\n<\/div>\n\t\t\t\t\t<p class=\"mkdf-st-text\" style=\"color: #333333;font-size: 20px;line-height: 32px\">\n\t\t\t\tThe crowd-puller on Ludwigkirchplatz has been a classic neighborhood eatery with a German twist for many years. In a prime neighborhood location, far from the tourist hustle and bustle, Weyers is a gem and even a cult on Ludwigkirchplatz. Long evenings are pre-programmed. Then you sit like in the park and enjoy seasonal specialties, well-tempered wines and freshly tapped cool beer.\t\t\t<\/p>\n\t\t\t<\/div>\n<\/div><div class=\"vc_empty_space\"   style=\"height: 46px\"><span class=\"vc_empty_space_inner\"><\/span><\/div><a itemprop=\"url\" href=\"https:\/\/weyers-restaurant.de\/en\/geschichte\/\" target=\"_self\" style=\"color: #ffffff;background-color: #272a6d\" class=\"mkdf-btn mkdf-btn-medium mkdf-btn-solid\"  >\n    <span class=\"mkdf-btn-text\">About Us<\/span>\n    <\/a>\t\t<\/div>\n\t<\/div>\n<\/div><\/div><\/div><\/div><\/div><\/div><div class=\"vc_row wpb_row vc_row-fluid mkdf-custom-appear vc_custom_1624363988488 mkdf-content-aligment-left\" style=\"background-image: url(https:\/\/weyers-restaurant.de\/wp-content\/uploads\/2021\/06\/4096-2731-max-scaled-e1624356480314.jpg)\"><div class=\"wpb_column vc_column_container vc_col-sm-12\"><div class=\"vc_column-inner\"><div class=\"wpb_wrapper\"><div class=\"vc_row wpb_row vc_inner vc_row-fluid vc_custom_1624186414128 mkdf-content-aligment-left\" ><div class=\"mkdf-custom-appear-left wpb_column vc_column_container vc_col-sm-7 vc_col-lg-5 vc_col-md-6 vc_col-xs-10 vc_col-has-fill\"><div class=\"vc_column-inner vc_custom_1624186451783\"><div class=\"wpb_wrapper\"><div class=\"mkdf-elements-holder   mkdf-one-column  mkdf-responsive-mode-768\" style=\"background-color: #f7e5b0\"><div class=\"mkdf-eh-item\" style=\"background-color: #f7e5b0\" data-item-class=\"mkdf-eh-custom-4212\" data-769-1024=\"10% 14% 18%\" data-681-768=\"8% 13% 18%\" data-680=\"5% 6% 20%\">\n\t<div class=\"mkdf-eh-item-inner\">\n\t\t<div class=\"mkdf-eh-item-content mkdf-eh-custom-4212\" style=\"padding: 8% 13% 15%\">\n\t\t\t<div class=\"mkdf-section-title-holder  mkdf-st-standard mkdf-st-title-left mkdf-st-normal-space\" >\n\t<div class=\"mkdf-st-inner\">\n\t\t\t\t\t<h2 class=\"mkdf-st-title\" >\n\t\t\t\tPhilosophy\t\t\t<\/h2>\n\t\t\t\t<div class=\"mkdf-separator-holder clearfix\">\n\t<div class=\"mkdf-separator\" style=\"border-color: #272a6d;width: 80px;border-bottom-width: 2px;margin-top: 44px;margin-bottom: 16px\"><\/div>\n<\/div>\n\t\t\t\t\t<p class=\"mkdf-st-text\" >\n\t\t\t\tOur fresh, seasonal cuisine is characterized by the best ingredients from local suppliers at a good price-quality ratio.\t\t\t<\/p>\n\t\t\t<\/div>\n<\/div><div class=\"vc_empty_space\"   style=\"height: 18px\"><span class=\"vc_empty_space_inner\"><\/span><\/div><a itemprop=\"url\" href=\"https:\/\/weyers-restaurant.de\/en\/philosophie\/\" target=\"_self\" style=\"color: #ffffff;background-color: #272a6d\" class=\"mkdf-btn mkdf-btn-medium mkdf-btn-solid\"  >\n    <span class=\"mkdf-btn-text\">Philosophy<\/span>\n    <\/a>\t\t<\/div>\n\t<\/div>\n<\/div><\/div><\/div><\/div><\/div><div class=\"wpb_column vc_column_container vc_col-sm-5 vc_col-lg-7 vc_col-md-8\"><div class=\"vc_column-inner\"><div class=\"wpb_wrapper\"><\/div><\/div><\/div><\/div><\/div><\/div><\/div><\/div><div class=\"mkdf-row-grid-section-wrapper mkdf-content-aligment-center\"  style=\"background-color:#f7e5b0\"><div class=\"mkdf-row-grid-section\"><div class=\"vc_row wpb_row vc_row-fluid vc_custom_1624184608040 vc_row-has-fill\" ><div class=\"wpb_column vc_column_container vc_col-sm-12\"><div class=\"vc_column-inner\"><div class=\"wpb_wrapper\"><div class=\"mkdf-image-gallery mkdf-grid-list mkdf-disable-bottom-space  mkdf-ig-grid-type mkdf-three-columns mkdf-normal-space  mkdf-image-behavior-lightbox mkdf-image-gallery-appear\">\n\t<div class=\"mkdf-ig-inner mkdf-outer-space\">\n\t\t\t\t\t<div class=\"mkdf-ig-image mkdf-item-space\">\n\t\t\t\t<div class=\"mkdf-ig-image-inner\">\n\t\t\t\t\t\t\t\t\t\t\t<a itemprop=\"image\" class=\"mkdf-ig-lightbox\" href=\"https:\/\/weyers-restaurant.de\/wp-content\/uploads\/2021\/06\/20201102145404_IMG_1000-scaled-e1624528809121.jpg\" data-rel=\"prettyPhoto[image_gallery_pretty_photo-627]\" title=\"20201102145404_IMG_1000\">\n\t\t\t\t\t\t\t\t\t\t\t<img loading=\"lazy\" decoding=\"async\" src=\"https:\/\/weyers-restaurant.de\/wp-content\/uploads\/2021\/06\/20201102145404_IMG_1000-scaled-e1624528809121-700x700.jpg\" alt=\"\" width=\"700\" height=\"700\" \/>\t\t\t\t\t\t\t\t\t\t\t<\/a>\n\t\t\t\t\t\t\t\t\t<\/div>\n\t\t\t<\/div>\n\t\t\t\t\t<div class=\"mkdf-ig-image mkdf-item-space\">\n\t\t\t\t<div class=\"mkdf-ig-image-inner\">\n\t\t\t\t\t\t\t\t\t\t\t<a itemprop=\"image\" class=\"mkdf-ig-lightbox\" href=\"https:\/\/weyers-restaurant.de\/wp-content\/uploads\/2021\/06\/2976-1984-max-1-scaled.jpg\" data-rel=\"prettyPhoto[image_gallery_pretty_photo-627]\" title=\"2976-1984-max (1)\">\n\t\t\t\t\t\t\t\t\t\t\t<img loading=\"lazy\" decoding=\"async\" src=\"https:\/\/weyers-restaurant.de\/wp-content\/uploads\/2021\/06\/2976-1984-max-1-scaled-700x700.jpg\" alt=\"\" width=\"700\" height=\"700\" \/>\t\t\t\t\t\t\t\t\t\t\t<\/a>\n\t\t\t\t\t\t\t\t\t<\/div>\n\t\t\t<\/div>\n\t\t\t\t\t<div class=\"mkdf-ig-image mkdf-item-space\">\n\t\t\t\t<div class=\"mkdf-ig-image-inner\">\n\t\t\t\t\t\t\t\t\t\t\t<a itemprop=\"image\" class=\"mkdf-ig-lightbox\" href=\"https:\/\/weyers-restaurant.de\/wp-content\/uploads\/2021\/06\/9A56EB04-D43D-4DC5-8E8F-52972EACEA9C.jpg\" data-rel=\"prettyPhoto[image_gallery_pretty_photo-627]\" title=\"9A56EB04-D43D-4DC5-8E8F-52972EACEA9C\">\n\t\t\t\t\t\t\t\t\t\t\t<img loading=\"lazy\" decoding=\"async\" src=\"https:\/\/weyers-restaurant.de\/wp-content\/uploads\/2021\/06\/9A56EB04-D43D-4DC5-8E8F-52972EACEA9C-700x700.jpg\" alt=\"\" width=\"700\" height=\"700\" \/>\t\t\t\t\t\t\t\t\t\t\t<\/a>\n\t\t\t\t\t\t\t\t\t<\/div>\n\t\t\t<\/div>\n\t\t\t\t\t<div class=\"mkdf-ig-image mkdf-item-space\">\n\t\t\t\t<div class=\"mkdf-ig-image-inner\">\n\t\t\t\t\t\t\t\t\t\t\t<a itemprop=\"image\" class=\"mkdf-ig-lightbox\" href=\"https:\/\/weyers-restaurant.de\/wp-content\/uploads\/2021\/06\/4096-3165-max-scaled-e1624354882683.jpg\" data-rel=\"prettyPhoto[image_gallery_pretty_photo-627]\" title=\"4096-3165-max\">\n\t\t\t\t\t\t\t\t\t\t\t<img loading=\"lazy\" decoding=\"async\" src=\"https:\/\/weyers-restaurant.de\/wp-content\/uploads\/2021\/06\/4096-3165-max-scaled-e1624354882683-700x700.jpg\" alt=\"\" width=\"700\" height=\"700\" \/>\t\t\t\t\t\t\t\t\t\t\t<\/a>\n\t\t\t\t\t\t\t\t\t<\/div>\n\t\t\t<\/div>\n\t\t\t\t\t<div class=\"mkdf-ig-image mkdf-item-space\">\n\t\t\t\t<div class=\"mkdf-ig-image-inner\">\n\t\t\t\t\t\t\t\t\t\t\t<a itemprop=\"image\" class=\"mkdf-ig-lightbox\" href=\"https:\/\/weyers-restaurant.de\/wp-content\/uploads\/2021\/06\/1536-1024_2.jpg\" data-rel=\"prettyPhoto[image_gallery_pretty_photo-627]\" title=\"1536-1024_2\">\n\t\t\t\t\t\t\t\t\t\t\t<img loading=\"lazy\" decoding=\"async\" src=\"https:\/\/weyers-restaurant.de\/wp-content\/uploads\/2021\/06\/1536-1024_2-700x700.jpg\" alt=\"\" width=\"700\" height=\"700\" \/>\t\t\t\t\t\t\t\t\t\t\t<\/a>\n\t\t\t\t\t\t\t\t\t<\/div>\n\t\t\t<\/div>\n\t\t\t\t\t<div class=\"mkdf-ig-image mkdf-item-space\">\n\t\t\t\t<div class=\"mkdf-ig-image-inner\">\n\t\t\t\t\t\t\t\t\t\t\t<a itemprop=\"image\" class=\"mkdf-ig-lightbox\" href=\"https:\/\/weyers-restaurant.de\/wp-content\/uploads\/2021\/06\/IMG_8195.jpg\" data-rel=\"prettyPhoto[image_gallery_pretty_photo-627]\" title=\"IMG_8195\">\n\t\t\t\t\t\t\t\t\t\t\t<img loading=\"lazy\" decoding=\"async\" src=\"https:\/\/weyers-restaurant.de\/wp-content\/uploads\/2021\/06\/IMG_8195-700x700.jpg\" alt=\"\" width=\"700\" height=\"700\" \/>\t\t\t\t\t\t\t\t\t\t\t<\/a>\n\t\t\t\t\t\t\t\t\t<\/div>\n\t\t\t<\/div>\n\t\t\t<\/div>\n<\/div><\/div><\/div><\/div><\/div><\/div><\/div><div class=\"vc_row wpb_row vc_row-fluid mkdf-custom-appear vc_custom_1624186116892 mkdf-content-aligment-left\" style=\"background-image: url(https:\/\/weyers-restaurant.de\/wp-content\/uploads\/2021\/06\/ECA59116-512B-4B39-92D0-F3C07B8C7C7A-1.jpg);background-position: center\"><div class=\"wpb_column vc_column_container vc_col-sm-12\"><div class=\"vc_column-inner\"><div class=\"wpb_wrapper\"><div class=\"vc_row wpb_row vc_inner vc_row-fluid vc_custom_1624186296298 mkdf-content-aligment-left\" ><div class=\"wpb_column vc_column_container vc_col-sm-5 vc_col-lg-7 vc_col-md-6\"><div class=\"vc_column-inner\"><div class=\"wpb_wrapper\"><\/div><\/div><\/div><div class=\"mkdf-custom-appear-right wpb_column vc_column_container vc_col-sm-7 vc_col-lg-5 vc_col-md-6 vc_col-xs-12 vc_col-has-fill\"><div class=\"vc_column-inner vc_custom_1624186205632\"><div class=\"wpb_wrapper\"><div class=\"mkdf-elements-holder   mkdf-one-column  mkdf-responsive-mode-768\" ><div class=\"mkdf-eh-item\" style=\"background-color: #f7e5b0\" data-item-class=\"mkdf-eh-custom-8914\" data-769-1024=\"11% 14% 17%\" data-681-768=\"7% 13% 17%\" data-680=\"5% 6% 20%\">\n\t<div class=\"mkdf-eh-item-inner\">\n\t\t<div class=\"mkdf-eh-item-content mkdf-eh-custom-8914\" style=\"padding: 8% 13% 15%\">\n\t\t\t<div class=\"mkdf-section-title-holder  mkdf-st-standard mkdf-st-title-left mkdf-st-normal-space\" >\n\t<div class=\"mkdf-st-inner\">\n\t\t\t\t\t<h2 class=\"mkdf-st-title\" >\n\t\t\t\tFood &amp; Beverages\t\t\t<\/h2>\n\t\t\t\t<div class=\"mkdf-separator-holder clearfix\">\n\t<div class=\"mkdf-separator\" style=\"border-color: #272a6d;width: 80px;border-bottom-width: 2px;margin-top: 44px;margin-bottom: 16px\"><\/div>\n<\/div>\n\t\t\t\t\t<p class=\"mkdf-st-text\" >\n\t\t\t\tGenie\u00dfen Sie Ihre Speisen entspannt auf unserer Au\u00dfenterrasse, entdecken Sie regelm\u00e4\u00dfig neue kulinarische Eindr\u00fccke durch unsere wechselnden Tages- und Saisongerichte, oder entdecken Sie ihr neues Lieblingsgericht in unserer ausgezeichneten Speisekarte.\t\t\t<\/p>\n\t\t\t<\/div>\n<\/div><div class=\"vc_empty_space\"   style=\"height: 18px\"><span class=\"vc_empty_space_inner\"><\/span><\/div><a itemprop=\"url\" href=\"https:\/\/weyers-restaurant.de\/en\/speisekarte\/\" target=\"_self\" style=\"color: #ffffff;background-color: #272a6d\" class=\"mkdf-btn mkdf-btn-medium mkdf-btn-solid\"  >\n    <span class=\"mkdf-btn-text\">Menu<\/span>\n    <\/a>\t\t<\/div>\n\t<\/div>\n<\/div><\/div><\/div><\/div><\/div><\/div><\/div><\/div><\/div><\/div><div class=\"mkdf-row-grid-section-wrapper\"  ><div class=\"mkdf-row-grid-section\"><div class=\"vc_row wpb_row vc_row-fluid vc_custom_1624301835440\" ><div class=\"wpb_column vc_column_container vc_col-sm-12 vc_col-lg-8 vc_col-md-12\"><div class=\"vc_column-inner\"><div class=\"wpb_wrapper\"><div class=\"mkdf-elements-holder   mkdf-one-column  mkdf-responsive-mode-768\" ><div class=\"mkdf-eh-item\"  data-item-class=\"mkdf-eh-custom-2872\" data-769-1024=\"0px\" data-681-768=\"0px\" data-680=\"0px\">\n\t<div class=\"mkdf-eh-item-inner\">\n\t\t<div class=\"mkdf-eh-item-content mkdf-eh-custom-2872\" style=\"padding: 0 0% 0 0\">\n\t\t\t<h4 class=\"mkdf-custom-font-holder  mkdf-cf-2207\" style=\"font-size: 21px;font-weight: 500;color: #000000\" data-item-class=\"mkdf-cf-2207\">\n\tHow to find us<\/h4><div class=\"vc_empty_space\"   style=\"height: 10px\"><span class=\"vc_empty_space_inner\"><\/span><\/div><div  class=\"vc_wp_text wpb_content_element\"><div class=\"widget widget_text\">\t\t\t<div class=\"textwidget\"><p><iframe loading=\"lazy\" id=\"gmap_canvas\" src=\"https:\/\/maps.google.com\/maps?height=320&amp;hl=en&amp;q=Pariser%20Str.%2016%20Berlin+(Weyers)&amp;t=&amp;z=15&amp;ie=UTF8&amp;iwloc=B&amp;output=embed\" width=\"100%\" height=\"320px\" frameborder=\"0\" marginwidth=\"0\" marginheight=\"0\" scrolling=\"no\"><\/iframe><\/p>\n<\/div>\n\t\t<\/div><\/div>\t\t<\/div>\n\t<\/div>\n<\/div><\/div><div class=\"vc_empty_space\"   style=\"height: 40px\"><span class=\"vc_empty_space_inner\"><\/span><\/div><\/div><\/div><\/div><div class=\"wpb_column vc_column_container vc_col-sm-12 vc_col-lg-4 vc_col-md-12\"><div class=\"vc_column-inner\"><div class=\"wpb_wrapper\"><div class=\"mkdf-elements-holder   mkdf-one-column  mkdf-responsive-mode-768\" ><div class=\"mkdf-eh-item mkdf-link-tel-custom-class\"  data-item-class=\"mkdf-eh-custom-8954\">\n\t<div class=\"mkdf-eh-item-inner\">\n\t\t<div class=\"mkdf-eh-item-content mkdf-eh-custom-8954\" >\n\t\t\t<h4 class=\"mkdf-custom-font-holder  mkdf-cf-1842\" style=\"font-size: 21px;font-weight: 500;color: #000000\" data-item-class=\"mkdf-cf-1842\">\n\tContact<\/h4><div class=\"vc_empty_space\"   style=\"height: 5px\"><span class=\"vc_empty_space_inner\"><\/span><\/div>\n\t<div class=\"wpb_text_column wpb_content_element\" >\n\t\t<div class=\"wpb_wrapper\">\n\t\t\t<p>Restaurant Weyers<br \/>\nPariser Stra\u00dfe 16<br \/>\n10719 Berlin<\/p>\n\n\t\t<\/div>\n\t<\/div>\n<div class=\"vc_empty_space\"   style=\"height: 13px\"><span class=\"vc_empty_space_inner\"><\/span><\/div>\n\t<div class=\"wpb_text_column wpb_content_element\" >\n\t\t<div class=\"wpb_wrapper\">\n\t\t\t<p>Phone: <span style=\"color: #4e4e4e;\"><a style=\"color: #4e4e4e;\" href=\"callto:+0049 30 881 93 78\">030 881 93 78<\/a><\/span><\/p>\n\n\t\t<\/div>\n\t<\/div>\n<div class=\"vc_empty_space\"   style=\"height: 13px\"><span class=\"vc_empty_space_inner\"><\/span><\/div>\n\t<div class=\"wpb_text_column wpb_content_element\" >\n\t\t<div class=\"wpb_wrapper\">\n\t\t\t<p>E-Mail: <span style=\"color: #4e4e4e;\"><a style=\"color: #4e4e4e;\" href=\"mailto:contact@weyers-restaurant.de\">contact@weyers-restaurant.de<\/a><\/span><\/p>\n\n\t\t<\/div>\n\t<\/div>\n<div class=\"vc_empty_space\"   style=\"height: 13px\"><span class=\"vc_empty_space_inner\"><\/span><\/div>\n\t<div class=\"wpb_text_column wpb_content_element\" >\n\t\t<div class=\"wpb_wrapper\">\n\t\t\t<p>Social Media: <span style=\"color: #4e4e4e;\"><a style=\"color: #4e4e4e;\" href=\"https:\/\/www.facebook.com\/restaurantweyers\/\">Facebook<\/a><\/span><\/p>\n\n\t\t<\/div>\n\t<\/div>\n\t\t<\/div>\n\t<\/div>\n<\/div><\/div><div class=\"vc_empty_space\"   style=\"height: 30px\"><span class=\"vc_empty_space_inner\"><\/span><\/div><a itemprop=\"url\" href=\"https:\/\/weyers-restaurant.de\/en\/kontakt\/\" target=\"_self\" style=\"color: #ffffff;background-color: #272a6d\" class=\"mkdf-btn mkdf-btn-medium mkdf-btn-solid\"  >\n    <span class=\"mkdf-btn-text\">Contact Form<\/span>\n    <\/a><\/div><\/div><\/div><\/div><\/div><\/div><div class=\"vc_row wpb_row vc_row-fluid\" ><div class=\"wpb_column vc_column_container vc_col-sm-12\"><div class=\"vc_column-inner\"><div class=\"wpb_wrapper\"><\/div><\/div><\/div><\/div>","protected":false},"excerpt":{"rendered":"Reservieren Ein Bistrorestaurant, wie es sein sollte: lockere Atmosph\u00e4re, freundliche Bedienung, hervorragende K\u00fcche, angemessene Preise und sch\u00f6ner Au\u00dfenbereich. Restaurant Weyers Der Publikumsmagnet am Ludwigkirchplatz ist seit vielen Jahren ein Klassiker der Nachbarschaftsgastronomie mit deutschem Einschlag. In erstklassiger Kiezlage, fern vom Touristentrubel, ist das Weyers ein Schmuckst\u00fcck und gar Kult am Ludwigkirchplatz. Lange Abende sind vorprogrammiert. Dann sitzt man wie im Park und genie\u00dft saisonale Spezialit\u00e4ten, gut temperierte Weine und frisch gezapftes k\u00fchles Bier. \u00dcber Uns Unsere Philosophie Unsere frische, saisonale K\u00fcche ist gepr\u00e4gt durch beste Zutaten von lokalen Lieferanten zu einem guten Preis-Leistungs-Verh\u00e4ltnis. Philosophie Speisen &amp; Getr\u00e4nke Genie\u00dfen Sie Ihre [...]","protected":false},"author":1,"featured_media":0,"parent":0,"menu_order":0,"comment_status":"closed","ping_status":"closed","template":"full-width.php","meta":{"footnotes":""},"class_list":["post-679","page","type-page","status-publish","hentry"],"_links":{"self":[{"href":"https:\/\/weyers-restaurant.de\/en\/wp-json\/wp\/v2\/pages\/679","targetHints":{"allow":["GET"]}}],"collection":[{"href":"https:\/\/weyers-restaurant.de\/en\/wp-json\/wp\/v2\/pages"}],"about":[{"href":"https:\/\/weyers-restaurant.de\/en\/wp-json\/wp\/v2\/types\/page"}],"author":[{"embeddable":true,"href":"https:\/\/weyers-restaurant.de\/en\/wp-json\/wp\/v2\/users\/1"}],"replies":[{"embeddable":true,"href":"https:\/\/weyers-restaurant.de\/en\/wp-json\/wp\/v2\/comments?post=679"}],"version-history":[{"count":180,"href":"https:\/\/weyers-restaurant.de\/en\/wp-json\/wp\/v2\/pages\/679\/revisions"}],"predecessor-version":[{"id":7599,"href":"https:\/\/weyers-restaurant.de\/en\/wp-json\/wp\/v2\/pages\/679\/revisions\/7599"}],"wp:attachment":[{"href":"https:\/\/weyers-restaurant.de\/en\/wp-json\/wp\/v2\/media?parent=679"}],"curies":[{"name":"wp","href":"https:\/\/api.w.org\/{rel}","templated":true}]}}