{"id":5786,"date":"2021-06-10T11:37:42","date_gmt":"2021-06-10T09:37:42","guid":{"rendered":"https:\/\/dev.weyers-restaurant.de\/?page_id=5786"},"modified":"2021-06-10T11:37:42","modified_gmt":"2021-06-10T09:37:42","slug":"home-champagner-gelb","status":"publish","type":"page","link":"https:\/\/weyers-restaurant.de\/en\/home-champagner-gelb\/","title":{"rendered":"Home &#8211; Champagner gelb"},"content":{"rendered":"<div data-parallax-bg-image=\"https:\/\/weyers-restaurant.de\/wp-content\/uploads\/2018\/07\/h3-background-4.jpg\" data-parallax-bg-speed=\"1\" class=\"vc_row wpb_row vc_row-fluid mkdf-custom-appear vc_custom_1623138818702 vc_row-o-full-height vc_row-o-columns-middle vc_row-flex mkdf-parallax-row-holder mkdf-content-aligment-left\" ><div class=\"wpb_column vc_column_container vc_col-sm-12\"><div class=\"vc_column-inner\"><div class=\"wpb_wrapper\"><div class=\"vc_row wpb_row vc_inner vc_row-fluid mkdf-content-aligment-center\" ><div class=\"wpb_column vc_column_container vc_col-sm-5 vc_col-lg-8 vc_col-md-6 vc_col-xs-2\"><div class=\"vc_column-inner\"><div class=\"wpb_wrapper\"><\/div><\/div><\/div><div class=\"mkdf-custom-appear-right wpb_column vc_column_container vc_col-sm-7 vc_col-lg-4 vc_col-md-6 vc_col-xs-10 vc_col-has-fill\"><div class=\"vc_column-inner vc_custom_1623317547140\"><div class=\"wpb_wrapper\"><div class=\"mkdf-elements-holder   mkdf-one-column  mkdf-responsive-mode-768\" style=\"background-color: #e2d9bf\"><div class=\"mkdf-eh-item   mkdf-horizontal-alignment-center\" style=\"background-color: #ebcd7a\" data-item-class=\"mkdf-eh-custom-3463\" data-1367-1600=\"15.5% 25% 24%\" data-1025-1366=\"6.7% 25% 16.1%\" data-769-1024=\"10% 22% 17%\" data-681-768=\"7% 18% 17%\" data-680=\"5% 6% 20%\">\n\t<div class=\"mkdf-eh-item-inner\">\n\t\t<div class=\"mkdf-eh-item-content mkdf-eh-custom-3463\" style=\"padding: 17% 20% 24%\">\n\t\t\t\n\t<div  class=\"wpb_single_image wpb_content_element vc_align_center\">\n\t\t\n\t\t<figure class=\"wpb_wrapper vc_figure\">\n\t\t\t<div class=\"vc_single_image-wrapper   vc_box_border_grey\"><img loading=\"lazy\" decoding=\"async\" width=\"200\" height=\"65\" src=\"https:\/\/weyers-restaurant.de\/wp-content\/uploads\/2021\/06\/WeyersZuschnittKlein.png\" class=\"vc_single_image-img attachment-full\" alt=\"\" srcset=\"https:\/\/weyers-restaurant.de\/wp-content\/uploads\/2021\/06\/WeyersZuschnittKlein.png 200w, https:\/\/weyers-restaurant.de\/wp-content\/uploads\/2021\/06\/WeyersZuschnittKlein-16x5.png 16w\" sizes=\"auto, (max-width: 200px) 100vw, 200px\" \/><\/div>\n\t\t<\/figure>\n\t<\/div>\n<div class=\"mkdf-section-title-holder  mkdf-st-standard mkdf-st-title-left mkdf-st-normal-space\" >\n\t<div class=\"mkdf-st-inner\">\n\t\t\t\t<div class=\"mkdf-separator-holder clearfix\">\n\t<div class=\"mkdf-separator\" style=\"border-color: #000000;width: 80px;border-bottom-width: 2px;margin-top: 55px;margin-bottom: 55px\"><\/div>\n<\/div>\n\t\t\t<\/div>\n<\/div><a itemprop=\"url\" href=\"http:\/\/ande.mikado-themes.com\/our-menu\/\" target=\"_self\" style=\"margin: 0 0 0 -20px\" class=\"mkdf-btn mkdf-btn-medium mkdf-btn-solid\"  >\n    <span class=\"mkdf-btn-text\">Book a Table<\/span>\n    <\/a><div class=\"vc_empty_space\"   style=\"height: 53px\"><span class=\"vc_empty_space_inner\"><\/span><\/div>\n\t<div class=\"wpb_text_column wpb_content_element\" >\n\t\t<div class=\"wpb_wrapper\">\n\t\t\t<h5 style=\"text-align: center;\">Ein Bistrorestaurant, wie es sein sollte: lockere Atmosph\u00e4re, freundliche Bedienung, wirklich gute K\u00fcche, angemessene Preise, Rauchersalon, sch\u00f6ner Au\u00dfenbereich.<\/h5>\n\n\t\t<\/div>\n\t<\/div>\n\t\t<\/div>\n\t<\/div>\n<\/div><\/div><\/div><\/div><\/div><\/div><\/div><\/div><\/div><\/div><div class=\"vc_row wpb_row vc_row-fluid vc_custom_1530184423521 mkdf-content-aligment-center\" ><div class=\"wpb_column vc_column_container vc_col-sm-12 vc_col-has-fill\"><div class=\"vc_column-inner vc_custom_1623317590048\"><div class=\"wpb_wrapper\"><div class=\"mkdf-elements-holder   mkdf-one-column  mkdf-responsive-mode-768\" ><div class=\"mkdf-eh-item   mkdf-horizontal-alignment-center\" style=\"background-color: #ebcd7a\" data-item-class=\"mkdf-eh-custom-3705\" data-1025-1366=\"0px 20%\" data-769-1024=\"0px 18%\" data-681-768=\"0px 8%\" data-680=\"0px 4%\">\n\t<div class=\"mkdf-eh-item-inner\">\n\t\t<div class=\"mkdf-eh-item-content mkdf-eh-custom-3705\" style=\"padding: 0px 26%\">\n\t\t\t<div class=\"mkdf-section-title-holder  mkdf-st-standard mkdf-st-title-left mkdf-st-normal-space\" >\n\t<div class=\"mkdf-st-inner\">\n\t\t\t\t\t<h2 class=\"mkdf-st-title\" >\n\t\t\t\tRestaurant Weyers\t\t\t<\/h2>\n\t\t\t\t<div class=\"mkdf-separator-holder clearfix\">\n\t<div class=\"mkdf-separator\" style=\"width: 80px;border-bottom-width: 2px\"><\/div>\n<\/div>\n\t\t\t\t\t<p class=\"mkdf-st-text\" style=\"font-size: 20px;line-height: 32px\">\n\t\t\t\tThe crowd-puller on Ludwigkirchplatz has been a classic neighborhood eatery with a German twist for many years. In a prime neighborhood location, far from the tourist hustle and bustle, Weyers is a gem and even a cult on Ludwigkirchplatz. Long evenings are pre-programmed. Then you sit like in the park and enjoy seasonal specialties, well-tempered wines and freshly tapped cool beer.\t\t\t<\/p>\n\t\t\t<\/div>\n<\/div><div class=\"vc_empty_space\"   style=\"height: 46px\"><span class=\"vc_empty_space_inner\"><\/span><\/div><a itemprop=\"url\" href=\"http:\/\/ande.mikado-themes.com\/gallery\/\" target=\"_self\"  class=\"mkdf-btn mkdf-btn-medium mkdf-btn-solid\"  >\n    <span class=\"mkdf-btn-text\">About Us<\/span>\n    <\/a>\t\t<\/div>\n\t<\/div>\n<\/div><\/div><\/div><\/div><\/div><\/div><div class=\"vc_row wpb_row vc_row-fluid mkdf-custom-appear vc_custom_1530879633863 mkdf-content-aligment-left\" style=\"background-image: url(https:\/\/weyers-restaurant.de\/wp-content\/uploads\/2018\/06\/h3-background-1.jpg);background-position: center\"><div class=\"wpb_column vc_column_container vc_col-sm-12\"><div class=\"vc_column-inner\"><div class=\"wpb_wrapper\"><div class=\"vc_row wpb_row vc_inner vc_row-fluid mkdf-content-aligment-left\" ><div class=\"mkdf-custom-appear-left wpb_column vc_column_container vc_col-sm-7 vc_col-lg-4 vc_col-md-6 vc_col-xs-10 vc_col-has-fill\"><div class=\"vc_column-inner vc_custom_1623317610238\"><div class=\"wpb_wrapper\"><div class=\"mkdf-elements-holder   mkdf-one-column  mkdf-responsive-mode-768\" ><div class=\"mkdf-eh-item\" style=\"background-color: #ebcd7a\" data-item-class=\"mkdf-eh-custom-9242\" data-769-1024=\"10% 14% 18%\" data-681-768=\"8% 13% 18%\" data-680=\"5% 6% 20%\">\n\t<div class=\"mkdf-eh-item-inner\">\n\t\t<div class=\"mkdf-eh-item-content mkdf-eh-custom-9242\" style=\"padding: 8% 13% 15%\">\n\t\t\t<div class=\"mkdf-section-title-holder  mkdf-st-standard mkdf-st-title-left mkdf-st-normal-space\" >\n\t<div class=\"mkdf-st-inner\">\n\t\t\t\t\t<h2 class=\"mkdf-st-title\" >\n\t\t\t\tPhilosophy\t\t\t<\/h2>\n\t\t\t\t<div class=\"mkdf-separator-holder clearfix\">\n\t<div class=\"mkdf-separator\" style=\"width: 80px;border-bottom-width: 2px;margin-top: 44px;margin-bottom: 16px\"><\/div>\n<\/div>\n\t\t\t\t\t<p class=\"mkdf-st-text\" >\n\t\t\t\tOur fresh, seasonal cuisine is characterized by the best ingredients from local suppliers at a good price-quality ratio.\t\t\t<\/p>\n\t\t\t<\/div>\n<\/div><div class=\"vc_empty_space\"   style=\"height: 18px\"><span class=\"vc_empty_space_inner\"><\/span><\/div><a itemprop=\"url\" href=\"http:\/\/ande.mikado-themes.com\/our-menu\/\" target=\"_self\"  class=\"mkdf-btn mkdf-btn-medium mkdf-btn-solid\"  >\n    <span class=\"mkdf-btn-text\">Zulieferer<\/span>\n    <\/a>\t\t<\/div>\n\t<\/div>\n<\/div><\/div><\/div><\/div><\/div><div class=\"wpb_column vc_column_container vc_col-sm-5 vc_col-lg-8 vc_col-md-8\"><div class=\"vc_column-inner\"><div class=\"wpb_wrapper\"><\/div><\/div><\/div><\/div><\/div><\/div><\/div><\/div><div class=\"mkdf-row-grid-section-wrapper mkdf-content-aligment-center\"  ><div class=\"mkdf-row-grid-section\"><div class=\"vc_row wpb_row vc_row-fluid vc_custom_1623141588838\" ><div class=\"wpb_column vc_column_container vc_col-sm-12 vc_col-has-fill\"><div class=\"vc_column-inner vc_custom_1623317627741\"><div class=\"wpb_wrapper\"><div class=\"mkdf-image-gallery mkdf-grid-list mkdf-grid-masonry-list mkdf-disable-bottom-space  mkdf-ig-masonry-type mkdf-four-columns mkdf-normal-space  mkdf-image-behavior-lightbox mkdf-image-gallery-appear\">\n\t<div class=\"mkdf-ig-inner mkdf-outer-space mkdf-masonry-list-wrapper\">\n\t\t<div class=\"mkdf-masonry-grid-sizer\"><\/div>\n\t\t<div class=\"mkdf-masonry-grid-gutter\"><\/div>\n\t\t\t\t\t\t\t\t<div class=\"mkdf-ig-image mkdf-item-space mkdf-fixed-masonry-item mkdf-masonry-size-large-height\">\n\t\t\t\t<div class=\"mkdf-ig-image-inner\">\n\t\t\t\t\t\t\t\t\t\t\t<a itemprop=\"image\" class=\"mkdf-ig-lightbox\" href=\"https:\/\/weyers-restaurant.de\/wp-content\/uploads\/2018\/06\/h4-img-3.jpg\" data-rel=\"prettyPhoto[image_gallery_pretty_photo-880]\" title=\"h4-img-3\">\n\t\t\t\t\t\t\t\t\t\t\t<img loading=\"lazy\" decoding=\"async\" width=\"650\" height=\"1300\" src=\"https:\/\/weyers-restaurant.de\/wp-content\/uploads\/2018\/06\/h4-img-3-650x1300.jpg\" class=\"attachment-ande_mikado_image_portrait size-ande_mikado_image_portrait\" alt=\"a\" \/>\t\t\t\t\t\t\t\t\t\t\t<\/a>\n\t\t\t\t\t\t\t\t\t<\/div>\n\t\t\t<\/div>\n\t\t\t\t\t\t\t\t<div class=\"mkdf-ig-image mkdf-item-space mkdf-fixed-masonry-item mkdf-masonry-size-small\">\n\t\t\t\t<div class=\"mkdf-ig-image-inner\">\n\t\t\t\t\t\t\t\t\t\t\t<a itemprop=\"image\" class=\"mkdf-ig-lightbox\" href=\"https:\/\/weyers-restaurant.de\/wp-content\/uploads\/2018\/06\/h4-img-4.jpg\" data-rel=\"prettyPhoto[image_gallery_pretty_photo-880]\" title=\"h4-img-4\">\n\t\t\t\t\t\t\t\t\t\t\t<img loading=\"lazy\" decoding=\"async\" width=\"650\" height=\"650\" src=\"https:\/\/weyers-restaurant.de\/wp-content\/uploads\/2018\/06\/h4-img-4-650x650.jpg\" class=\"attachment-ande_mikado_image_square size-ande_mikado_image_square\" alt=\"a\" srcset=\"https:\/\/weyers-restaurant.de\/wp-content\/uploads\/2018\/06\/h4-img-4-650x650.jpg 650w, https:\/\/weyers-restaurant.de\/wp-content\/uploads\/2018\/06\/h4-img-4-150x150.jpg 150w\" sizes=\"auto, (max-width: 650px) 100vw, 650px\" \/>\t\t\t\t\t\t\t\t\t\t\t<\/a>\n\t\t\t\t\t\t\t\t\t<\/div>\n\t\t\t<\/div>\n\t\t\t\t\t\t\t\t<div class=\"mkdf-ig-image mkdf-item-space mkdf-fixed-masonry-item mkdf-masonry-size-small\">\n\t\t\t\t<div class=\"mkdf-ig-image-inner\">\n\t\t\t\t\t\t\t\t\t\t\t<a itemprop=\"image\" class=\"mkdf-ig-lightbox\" href=\"https:\/\/weyers-restaurant.de\/wp-content\/uploads\/2018\/06\/h4-img-5.jpg\" data-rel=\"prettyPhoto[image_gallery_pretty_photo-880]\" title=\"h4-img-5\">\n\t\t\t\t\t\t\t\t\t\t\t<img loading=\"lazy\" decoding=\"async\" width=\"650\" height=\"650\" src=\"https:\/\/weyers-restaurant.de\/wp-content\/uploads\/2018\/06\/h4-img-5-650x650.jpg\" class=\"attachment-ande_mikado_image_square size-ande_mikado_image_square\" alt=\"a\" srcset=\"https:\/\/weyers-restaurant.de\/wp-content\/uploads\/2018\/06\/h4-img-5-650x650.jpg 650w, https:\/\/weyers-restaurant.de\/wp-content\/uploads\/2018\/06\/h4-img-5-150x150.jpg 150w\" sizes=\"auto, (max-width: 650px) 100vw, 650px\" \/>\t\t\t\t\t\t\t\t\t\t\t<\/a>\n\t\t\t\t\t\t\t\t\t<\/div>\n\t\t\t<\/div>\n\t\t\t\t\t\t\t\t<div class=\"mkdf-ig-image mkdf-item-space mkdf-fixed-masonry-item mkdf-masonry-size-small\">\n\t\t\t\t<div class=\"mkdf-ig-image-inner\">\n\t\t\t\t\t\t\t\t\t\t\t<a itemprop=\"image\" class=\"mkdf-ig-lightbox\" href=\"https:\/\/weyers-restaurant.de\/wp-content\/uploads\/2018\/06\/h4-img-6.jpg\" data-rel=\"prettyPhoto[image_gallery_pretty_photo-880]\" title=\"h4-img-6\">\n\t\t\t\t\t\t\t\t\t\t\t<img loading=\"lazy\" decoding=\"async\" width=\"650\" height=\"650\" src=\"https:\/\/weyers-restaurant.de\/wp-content\/uploads\/2018\/06\/h4-img-6-650x650.jpg\" class=\"attachment-ande_mikado_image_square size-ande_mikado_image_square\" alt=\"a\" srcset=\"https:\/\/weyers-restaurant.de\/wp-content\/uploads\/2018\/06\/h4-img-6-650x650.jpg 650w, https:\/\/weyers-restaurant.de\/wp-content\/uploads\/2018\/06\/h4-img-6-150x150.jpg 150w\" sizes=\"auto, (max-width: 650px) 100vw, 650px\" \/>\t\t\t\t\t\t\t\t\t\t\t<\/a>\n\t\t\t\t\t\t\t\t\t<\/div>\n\t\t\t<\/div>\n\t\t\t\t\t\t\t\t<div class=\"mkdf-ig-image mkdf-item-space mkdf-fixed-masonry-item mkdf-masonry-size-small\">\n\t\t\t\t<div class=\"mkdf-ig-image-inner\">\n\t\t\t\t\t\t\t\t\t\t\t<a itemprop=\"image\" class=\"mkdf-ig-lightbox\" href=\"https:\/\/weyers-restaurant.de\/wp-content\/uploads\/2018\/06\/h4-img-7.jpg\" data-rel=\"prettyPhoto[image_gallery_pretty_photo-880]\" title=\"h4-img-7\">\n\t\t\t\t\t\t\t\t\t\t\t<img loading=\"lazy\" decoding=\"async\" width=\"650\" height=\"650\" src=\"https:\/\/weyers-restaurant.de\/wp-content\/uploads\/2018\/06\/h4-img-7-650x650.jpg\" class=\"attachment-ande_mikado_image_square size-ande_mikado_image_square\" alt=\"a\" srcset=\"https:\/\/weyers-restaurant.de\/wp-content\/uploads\/2018\/06\/h4-img-7-650x650.jpg 650w, https:\/\/weyers-restaurant.de\/wp-content\/uploads\/2018\/06\/h4-img-7-150x150.jpg 150w\" sizes=\"auto, (max-width: 650px) 100vw, 650px\" \/>\t\t\t\t\t\t\t\t\t\t\t<\/a>\n\t\t\t\t\t\t\t\t\t<\/div>\n\t\t\t<\/div>\n\t\t\t\t\t\t\t\t<div class=\"mkdf-ig-image mkdf-item-space mkdf-fixed-masonry-item mkdf-masonry-size-large-width\">\n\t\t\t\t<div class=\"mkdf-ig-image-inner\">\n\t\t\t\t\t\t\t\t\t\t\t<a itemprop=\"image\" class=\"mkdf-ig-lightbox\" href=\"https:\/\/weyers-restaurant.de\/wp-content\/uploads\/2018\/06\/h4-img-8.jpg\" data-rel=\"prettyPhoto[image_gallery_pretty_photo-880]\" title=\"h4-img-8\">\n\t\t\t\t\t\t\t\t\t\t\t<img loading=\"lazy\" decoding=\"async\" width=\"857\" height=\"384\" src=\"https:\/\/weyers-restaurant.de\/wp-content\/uploads\/2018\/06\/h4-img-8.jpg\" class=\"attachment-ande_mikado_image_landscape size-ande_mikado_image_landscape\" alt=\"a\" srcset=\"https:\/\/weyers-restaurant.de\/wp-content\/uploads\/2018\/06\/h4-img-8.jpg 857w, https:\/\/weyers-restaurant.de\/wp-content\/uploads\/2018\/06\/h4-img-8-300x134.jpg 300w, https:\/\/weyers-restaurant.de\/wp-content\/uploads\/2018\/06\/h4-img-8-768x344.jpg 768w\" sizes=\"auto, (max-width: 857px) 100vw, 857px\" \/>\t\t\t\t\t\t\t\t\t\t\t<\/a>\n\t\t\t\t\t\t\t\t\t<\/div>\n\t\t\t<\/div>\n\t\t\t<\/div>\n<\/div><\/div><\/div><\/div><\/div><\/div><\/div><div class=\"vc_row wpb_row vc_row-fluid mkdf-custom-appear vc_custom_1530879642163 mkdf-content-aligment-left\" style=\"background-image: url(https:\/\/weyers-restaurant.de\/wp-content\/uploads\/2018\/06\/h3-background-2.jpg);background-position: center\"><div class=\"wpb_column vc_column_container vc_col-sm-12\"><div class=\"vc_column-inner\"><div class=\"wpb_wrapper\"><div class=\"vc_row wpb_row vc_inner vc_row-fluid mkdf-content-aligment-left\" ><div class=\"wpb_column vc_column_container vc_col-sm-5 vc_col-lg-8 vc_col-md-6 vc_col-xs-2\"><div class=\"vc_column-inner\"><div class=\"wpb_wrapper\"><\/div><\/div><\/div><div class=\"mkdf-custom-appear-right wpb_column vc_column_container vc_col-sm-7 vc_col-lg-4 vc_col-md-6 vc_col-xs-10 vc_col-has-fill\"><div class=\"vc_column-inner vc_custom_1623317635424\"><div class=\"wpb_wrapper\"><div class=\"mkdf-elements-holder   mkdf-one-column  mkdf-responsive-mode-768\" ><div class=\"mkdf-eh-item\" style=\"background-color: #ebcd7a\" data-item-class=\"mkdf-eh-custom-9171\" data-769-1024=\"11% 14% 17%\" data-681-768=\"7% 13% 17%\" data-680=\"5% 6% 20%\">\n\t<div class=\"mkdf-eh-item-inner\">\n\t\t<div class=\"mkdf-eh-item-content mkdf-eh-custom-9171\" style=\"padding: 8% 13% 15%\">\n\t\t\t<div class=\"mkdf-section-title-holder  mkdf-st-standard mkdf-st-title-left mkdf-st-normal-space\" >\n\t<div class=\"mkdf-st-inner\">\n\t\t\t\t\t<h2 class=\"mkdf-st-title\" >\n\t\t\t\tFood &amp; Beverages\t\t\t<\/h2>\n\t\t\t\t<div class=\"mkdf-separator-holder clearfix\">\n\t<div class=\"mkdf-separator\" style=\"width: 80px;border-bottom-width: 2px;margin-top: 44px;margin-bottom: 16px\"><\/div>\n<\/div>\n\t\t\t\t\t<p class=\"mkdf-st-text\" >\n\t\t\t\tEnjoy your breakfast relaxing on our outdoor terrace, regularly discover new culinary impressions through our changing daily and seasonal dishes, or discover your new favorite dish in our excellent menu.\t\t\t<\/p>\n\t\t\t<\/div>\n<\/div><div class=\"vc_empty_space\"   style=\"height: 18px\"><span class=\"vc_empty_space_inner\"><\/span><\/div><a itemprop=\"url\" href=\"http:\/\/ande.mikado-themes.com\/our-menu\/\" target=\"_self\"  class=\"mkdf-btn mkdf-btn-medium mkdf-btn-solid\"  >\n    <span class=\"mkdf-btn-text\">Menu<\/span>\n    <\/a>\t\t<\/div>\n\t<\/div>\n<\/div><\/div><\/div><\/div><\/div><\/div><\/div><\/div><\/div><\/div><div class=\"mkdf-row-grid-section-wrapper\"  ><div class=\"mkdf-row-grid-section\"><div class=\"vc_row wpb_row vc_row-fluid vc_custom_1530176723287\" ><div class=\"wpb_column vc_column_container vc_col-sm-8 vc_col-lg-8 vc_col-md-12\"><div class=\"vc_column-inner\"><div class=\"wpb_wrapper\"><div class=\"mkdf-elements-holder   mkdf-one-column  mkdf-responsive-mode-768\" ><div class=\"mkdf-eh-item\"  data-item-class=\"mkdf-eh-custom-6450\" data-769-1024=\"0px\" data-681-768=\"0px\" data-680=\"0px\">\n\t<div class=\"mkdf-eh-item-inner\">\n\t\t<div class=\"mkdf-eh-item-content mkdf-eh-custom-6450\" style=\"padding: 0 7% 0 0\">\n\t\t\t<h4 class=\"mkdf-custom-font-holder  mkdf-cf-2032\" style=\"font-size: 21px;font-weight: 500;color: #000000\" data-item-class=\"mkdf-cf-2032\">\n\tHow to find us<\/h4><div class=\"vc_empty_space\"   style=\"height: 25px\"><span class=\"vc_empty_space_inner\"><\/span><\/div><div class=\"mkdf-google-map-holder\">\n\t<div class=\"mkdf-google-map\" id=\"mkdf-map-1018071\" data-addresses='[\"6th Ave, New York\"]' data-custom-map-style=\"yes\" data-color-overlay=\"#393939\" data-saturation=\"-100\" data-lightness=\"50\" data-zoom=\"11\" data-pin=\"https:\/\/weyers-restaurant.de\/wp-content\/uploads\/2018\/06\/pin-img.png\" data-unique-id=\"1018071\" data-scroll-wheel=\"no\" data-height=\"272px\" ><\/div>\n\t\t\t\t<div class=\"mkdf-google-map-overlay\"><\/div>\n\t<\/div>\n\t\t<\/div>\n\t<\/div>\n<\/div><\/div><div class=\"vc_empty_space\"   style=\"height: 40px\"><span class=\"vc_empty_space_inner\"><\/span><\/div><\/div><\/div><\/div><div class=\"wpb_column vc_column_container vc_col-sm-4 vc_col-lg-4 vc_col-md-12 vc_col-has-fill\"><div class=\"vc_column-inner vc_custom_1623317658511\"><div class=\"wpb_wrapper\"><div class=\"mkdf-elements-holder   mkdf-one-column  mkdf-responsive-mode-768\" style=\"background-color: #e2d9bf\"><div class=\"mkdf-eh-item mkdf-link-tel-custom-class\" style=\"background-color: #ebcd7a\" data-item-class=\"mkdf-eh-custom-5122\">\n\t<div class=\"mkdf-eh-item-inner\">\n\t\t<div class=\"mkdf-eh-item-content mkdf-eh-custom-5122\" >\n\t\t\t<h4 class=\"mkdf-custom-font-holder  mkdf-cf-8746\" style=\"font-size: 21px;font-weight: 500;color: #000000\" data-item-class=\"mkdf-cf-8746\">\n\tContact<\/h4><div class=\"vc_empty_space\"   style=\"height: 5px\"><span class=\"vc_empty_space_inner\"><\/span><\/div>\n\t<div class=\"wpb_text_column wpb_content_element\" >\n\t\t<div class=\"wpb_wrapper\">\n\t\t\t<p>Restaurant Weyers<br \/>\nPariser Stra\u00dfe 16<br \/>\n10719 Berlin<\/p>\n\n\t\t<\/div>\n\t<\/div>\n<div class=\"vc_empty_space\"   style=\"height: 13px\"><span class=\"vc_empty_space_inner\"><\/span><\/div>\n\t<div class=\"wpb_text_column wpb_content_element\" >\n\t\t<div class=\"wpb_wrapper\">\n\t\t\t<p>Phone: <span style=\"color: #4e4e4e;\"><a style=\"color: #4e4e4e;\" href=\"callto:+0049 30 881 93 78\">030 881 93 78<\/a><\/span><\/p>\n\n\t\t<\/div>\n\t<\/div>\n<div class=\"vc_empty_space\"   style=\"height: 13px\"><span class=\"vc_empty_space_inner\"><\/span><\/div>\n\t<div class=\"wpb_text_column wpb_content_element\" >\n\t\t<div class=\"wpb_wrapper\">\n\t\t\t<p>E-Mail: <span style=\"color: #4e4e4e;\"><a style=\"color: #4e4e4e;\" href=\"mailto:contact@weyers-restaurant.de\">contact@weyers-restaurant.de<\/a><\/span><\/p>\n\n\t\t<\/div>\n\t<\/div>\n\t\t<\/div>\n\t<\/div>\n<\/div><\/div><div class=\"vc_empty_space\"   style=\"height: 40px\"><span class=\"vc_empty_space_inner\"><\/span><\/div><a itemprop=\"url\" href=\"http:\/\/ande.mikado-themes.com\/our-menu\/\" target=\"_self\"  class=\"mkdf-btn mkdf-btn-medium mkdf-btn-solid\"  >\n    <span class=\"mkdf-btn-text\">Contact Form<\/span>\n    <\/a><\/div><\/div><\/div><\/div><\/div><\/div>","protected":false},"excerpt":{"rendered":"Reservieren Ein Bistrorestaurant, wie es sein sollte: lockere Atmosph\u00e4re, freundliche Bedienung, wirklich gute K\u00fcche, angemessene Preise, Rauchersalon, sch\u00f6ner Au\u00dfenbereich. Restaurant Weyers Der Publikumsmagnet am Ludwigkirchplatz ist seit vielen Jahren ein Klassiker der Nachbarschaftsgastronomie mit deutschem Einschlag. In erstklassiger Kiezlage, fern vom Touristentrubel, ist das Weyers ein Schmuckst\u00fcck und gar Kult am Ludwigkirchplatz. Lange Abende sind vorprogrammiert. Dann sitzt man wie im Park und genie\u00dft saisonale Spezialit\u00e4ten, gut temperierte Weine und frisch gezapftes k\u00fchles Bier. \u00dcber Uns Philosophie Unsere frische, saisonale K\u00fcche ist gepr\u00e4gt durch beste Zutaten von lokalen Lieferanten zu einem guten Preis-Leistungs-Verh\u00e4ltnis. Zulieferer Speisen &amp; Getr\u00e4nke Genie\u00dfen Sie Ihr [...]","protected":false},"author":2,"featured_media":0,"parent":0,"menu_order":0,"comment_status":"closed","ping_status":"closed","template":"full-width.php","meta":{"footnotes":""},"class_list":["post-5786","page","type-page","status-publish","hentry"],"_links":{"self":[{"href":"https:\/\/weyers-restaurant.de\/en\/wp-json\/wp\/v2\/pages\/5786","targetHints":{"allow":["GET"]}}],"collection":[{"href":"https:\/\/weyers-restaurant.de\/en\/wp-json\/wp\/v2\/pages"}],"about":[{"href":"https:\/\/weyers-restaurant.de\/en\/wp-json\/wp\/v2\/types\/page"}],"author":[{"embeddable":true,"href":"https:\/\/weyers-restaurant.de\/en\/wp-json\/wp\/v2\/users\/2"}],"replies":[{"embeddable":true,"href":"https:\/\/weyers-restaurant.de\/en\/wp-json\/wp\/v2\/comments?post=5786"}],"version-history":[{"count":12,"href":"https:\/\/weyers-restaurant.de\/en\/wp-json\/wp\/v2\/pages\/5786\/revisions"}],"predecessor-version":[{"id":5918,"href":"https:\/\/weyers-restaurant.de\/en\/wp-json\/wp\/v2\/pages\/5786\/revisions\/5918"}],"wp:attachment":[{"href":"https:\/\/weyers-restaurant.de\/en\/wp-json\/wp\/v2\/media?parent=5786"}],"curies":[{"name":"wp","href":"https:\/\/api.w.org\/{rel}","templated":true}]}}