{"id":567,"date":"2018-06-08T07:00:58","date_gmt":"2018-06-08T05:00:58","guid":{"rendered":"http:\/\/ande.mikado-themes.com\/?page_id=567"},"modified":"2021-06-23T21:02:04","modified_gmt":"2021-06-23T19:02:04","slug":"kontakt","status":"publish","type":"page","link":"https:\/\/weyers-restaurant.de\/en\/kontakt\/","title":{"rendered":"Contact"},"content":{"rendered":"<div class=\"mkdf-row-grid-section-wrapper mkdf-content-aligment-center\"  ><div class=\"mkdf-row-grid-section\"><div class=\"vc_row wpb_row vc_row-fluid vc_custom_1624449028005\" ><div class=\"wpb_column vc_column_container vc_col-sm-12\"><div class=\"vc_column-inner\"><div class=\"wpb_wrapper\"><div class=\"mkdf-section-title-holder  mkdf-st-standard mkdf-st-title-left mkdf-st-normal-space\" style=\"padding: 0 21%\">\n\t<div class=\"mkdf-st-inner\">\n\t\t\t\t\t<h2 class=\"mkdf-st-title\" >\n\t\t\t\tContact Form\t\t\t<\/h2>\n\t\t\t\t<div class=\"mkdf-separator-holder clearfix\">\n\t<div class=\"mkdf-separator\" style=\"width: 80px;border-bottom-width: 2px\"><\/div>\n<\/div>\n\t\t\t\t\t<h5 class=\"mkdf-st-text\" style=\"color: #4e4e4e;line-height: 32px\">\n\t\t\t\tHier k\u00f6nnen Sie uns Ihre Fragen stellen, insbesondere auch Anfragen f\u00fcr eine gr\u00f6\u00dfere Veranstaltung.\nSollten Sie einen Tisch reservieren wollen, nutzen Sie daf\u00fcr bitte statt diesem Formular die Reservierungsseite.\t\t\t<\/h5>\n\t\t\t<\/div>\n<\/div><\/div><\/div><\/div><\/div><\/div><\/div><div class=\"mkdf-row-grid-section-wrapper mkdf-content-aligment-center\"  ><div class=\"mkdf-row-grid-section\"><div class=\"vc_row wpb_row vc_row-fluid vc_custom_1624302224618\" ><div class=\"wpb_column vc_column_container vc_col-sm-12\"><div class=\"vc_column-inner\"><div class=\"wpb_wrapper\"><div class=\"mkdf-elements-holder   mkdf-one-column  mkdf-responsive-mode-768\" ><div class=\"mkdf-eh-item\"  data-item-class=\"mkdf-eh-custom-4189\" data-1025-1366=\"0 26.3%\" data-769-1024=\"0px 16.8%\" data-681-768=\"0 6%\" data-680=\"0 2%\">\n\t<div class=\"mkdf-eh-item-inner\">\n\t\t<div class=\"mkdf-eh-item-content mkdf-eh-custom-4189\" style=\"padding: 0 30%\">\n\t\t\t\n<div class=\"wpcf7 no-js\" id=\"wpcf7-f6232-o1\" lang=\"en-US\" dir=\"ltr\">\n<div class=\"screen-reader-response\"><p role=\"status\" aria-live=\"polite\" aria-atomic=\"true\"><\/p> <ul><\/ul><\/div>\n<form action=\"\/en\/wp-json\/wp\/v2\/pages\/567#wpcf7-f6232-o1\" method=\"post\" class=\"wpcf7-form init cf7_custom_style_2\" aria-label=\"Contact form\" novalidate=\"novalidate\" data-status=\"init\" data-trp-original-action=\"\/en\/wp-json\/wp\/v2\/pages\/567#wpcf7-f6232-o1\">\n<div style=\"display: none;\">\n<input type=\"hidden\" name=\"_wpcf7\" value=\"6232\" \/>\n<input type=\"hidden\" name=\"_wpcf7_version\" value=\"5.7.4\" \/>\n<input type=\"hidden\" name=\"_wpcf7_locale\" value=\"en_US\" \/>\n<input type=\"hidden\" name=\"_wpcf7_unit_tag\" value=\"wpcf7-f6232-o1\" \/>\n<input type=\"hidden\" name=\"_wpcf7_container_post\" value=\"0\" \/>\n<input type=\"hidden\" name=\"_wpcf7_posted_data_hash\" value=\"\" \/>\n<input type=\"hidden\" name=\"_wpcf7_recaptcha_response\" value=\"\" \/>\n<\/div>\n<div>\n\t<div class=\"mkdf-grid-row mkdf-grid-tiny-gutter\">\n\t\t<p><span class=\"wpcf7-form-control-wrap\" data-name=\"Name\"><input size=\"40\" class=\"wpcf7-form-control wpcf7-text wpcf7-validates-as-required\" aria-required=\"true\" aria-invalid=\"false\" placeholder=\"Name\" value=\"\" type=\"text\" name=\"Name\" \/><\/span>\n\t\t<\/p>\n\t<\/div>\n\t<div class=\"mkdf-grid-row mkdf-grid-tiny-gutter\">\n\t\t<p><span class=\"wpcf7-form-control-wrap\" data-name=\"Phone-number\"><input size=\"40\" class=\"wpcf7-form-control wpcf7-text wpcf7-tel wpcf7-validates-as-required wpcf7-validates-as-tel\" aria-required=\"true\" aria-invalid=\"false\" placeholder=\"Phone\" value=\"\" type=\"tel\" name=\"Phone-number\" \/><\/span>\n\t\t<\/p>\n\t<\/div>\n\t<div class=\"mkdf-grid-row mkdf-grid-tiny-gutter\">\n\t\t<p><span class=\"wpcf7-form-control-wrap\" data-name=\"Email\"><input size=\"40\" class=\"wpcf7-form-control wpcf7-text wpcf7-email wpcf7-validates-as-required wpcf7-validates-as-email\" aria-required=\"true\" aria-invalid=\"false\" placeholder=\"E-Mail\" value=\"\" type=\"email\" name=\"Email\" \/><\/span>\n\t\t<\/p>\n\t<\/div>\n\t<div class=\"mkdf-grid-row mkdf-grid-tiny-gutter\">\n\t\t<p><span class=\"wpcf7-form-control-wrap\" data-name=\"Message\"><textarea cols=\"40\" rows=\"10\" class=\"wpcf7-form-control wpcf7-textarea wpcf7-validates-as-required\" aria-required=\"true\" aria-invalid=\"false\" placeholder=\"Your Message\" name=\"Message\"><\/textarea><\/span>\n\t\t<\/p>\n\t<\/div>\n\t<div class=\"mkdf-grid-row mkdf-grid-tiny-gutter\" style=\"text-align: center;\" >\n\t\t<p><input class=\"wpcf7-form-control has-spinner wpcf7-submit mkdf-btn-huge mkdf-btn mkdf-btn-solid\" type=\"submit\" value=\"Send\" \/>\n\t\t<\/p>\n\t<\/div>\n<\/div><div class=\"wpcf7-response-output\" aria-hidden=\"true\"><\/div>\n<input type=\"hidden\" name=\"trp-form-language\" value=\"en\"\/><\/form>\n<\/div>\n\t\t<\/div>\n\t<\/div>\n<\/div><\/div><\/div><\/div><\/div><\/div><\/div><\/div>","protected":false},"excerpt":{"rendered":"Kontaktformular Hier k\u00f6nnen Sie uns Ihre Fragen stellen, insbesondere auch Anfragen f\u00fcr eine gr\u00f6\u00dfere Veranstaltung. Sollten Sie einen Tisch reservieren wollen, nutzen Sie daf\u00fcr bitte statt diesem Formular die Reservierungsseite.","protected":false},"author":1,"featured_media":0,"parent":0,"menu_order":0,"comment_status":"closed","ping_status":"closed","template":"full-width.php","meta":{"footnotes":""},"class_list":["post-567","page","type-page","status-publish","hentry"],"_links":{"self":[{"href":"https:\/\/weyers-restaurant.de\/en\/wp-json\/wp\/v2\/pages\/567","targetHints":{"allow":["GET"]}}],"collection":[{"href":"https:\/\/weyers-restaurant.de\/en\/wp-json\/wp\/v2\/pages"}],"about":[{"href":"https:\/\/weyers-restaurant.de\/en\/wp-json\/wp\/v2\/types\/page"}],"author":[{"embeddable":true,"href":"https:\/\/weyers-restaurant.de\/en\/wp-json\/wp\/v2\/users\/1"}],"replies":[{"embeddable":true,"href":"https:\/\/weyers-restaurant.de\/en\/wp-json\/wp\/v2\/comments?post=567"}],"version-history":[{"count":27,"href":"https:\/\/weyers-restaurant.de\/en\/wp-json\/wp\/v2\/pages\/567\/revisions"}],"predecessor-version":[{"id":6904,"href":"https:\/\/weyers-restaurant.de\/en\/wp-json\/wp\/v2\/pages\/567\/revisions\/6904"}],"wp:attachment":[{"href":"https:\/\/weyers-restaurant.de\/en\/wp-json\/wp\/v2\/media?parent=567"}],"curies":[{"name":"wp","href":"https:\/\/api.w.org\/{rel}","templated":true}]}}