{"id":5640,"date":"2021-06-08T05:09:30","date_gmt":"2021-06-08T03:09:30","guid":{"rendered":"https:\/\/dev.weyers-restaurant.de\/?page_id=5640"},"modified":"2021-06-30T12:44:10","modified_gmt":"2021-06-30T10:44:10","slug":"philosophie","status":"publish","type":"page","link":"https:\/\/weyers-restaurant.de\/en\/philosophie\/","title":{"rendered":"Philosophy"},"content":{"rendered":"<div class=\"mkdf-row-grid-section-wrapper\"  ><div class=\"mkdf-row-grid-section\"><div class=\"vc_row wpb_row vc_row-fluid vc_custom_1624308091615\" ><div class=\"wpb_column vc_column_container vc_col-sm-12\"><div class=\"vc_column-inner vc_custom_1624308146837\"><div class=\"wpb_wrapper\"><div class=\"mkdf-section-title-holder  mkdf-st-standard mkdf-st-title-left mkdf-st-normal-space\" style=\"text-align: center\">\n\t<div class=\"mkdf-st-inner\">\n\t\t\t\t\t<h2 class=\"mkdf-st-title\" >\n\t\t\t\tRegional and high quality\t\t\t<\/h2>\n\t\t\t\t<div class=\"mkdf-separator-holder clearfix  mkdf-separator-center\">\n\t<div class=\"mkdf-separator\" style=\"width: 80px;border-bottom-width: 2px\"><\/div>\n<\/div>\n\t\t\t\t\t<p class=\"mkdf-st-text\" style=\"font-size: 20px;line-height: 32px\">\n\t\t\t\tAt Weyers, we place great value on the quality and sustainability of our food. Thus, a large part of our ingredients comes directly from small farms in the region. Only what meets our high standards ultimately ends up in our dishes and on your plate. Experience traditional German cuisine in unparalleled quality at the best address in Berlin.\t\t\t<\/p>\n\t\t\t<\/div>\n<\/div><\/div><\/div><\/div><\/div><\/div><\/div><div class=\"mkdf-row-grid-section-wrapper\"  ><div class=\"mkdf-row-grid-section\"><div class=\"vc_row wpb_row vc_row-fluid swap-on-mobile vc_custom_1624455755267\" ><div class=\"wpb_column vc_column_container vc_col-sm-12 vc_col-lg-6 vc_col-md-12\"><div class=\"vc_column-inner\"><div class=\"wpb_wrapper\"><div class=\"mkdf-elements-holder   mkdf-one-column  mkdf-responsive-mode-768\" ><div class=\"mkdf-eh-item\"  data-item-class=\"mkdf-eh-custom-7053\" data-769-1024=\"0px 10% 0% 10%\" data-681-768=\"0% 0% 0% 0\" data-680=\"0% 0% 0% 0\">\n\t<div class=\"mkdf-eh-item-inner\">\n\t\t<div class=\"mkdf-eh-item-content mkdf-eh-custom-7053\" >\n\t\t\t<div class=\"mkdf-dual-image-holder  mkdf-dual-image-position-right mkdf-image-parallax mkdf-image-appear\">\n    <div class=\"mkdf-di-main-image\"  data-parallax='{\"y\":75, \"smoothness\":10}' >\n        <div class=\"mkdf-image-wrapper\">\n                            <img loading=\"lazy\" decoding=\"async\" src=\"https:\/\/weyers-restaurant.de\/wp-content\/uploads\/2021\/06\/750-808-max-380x580.jpeg\" alt=\"\" width=\"380\" height=\"580\" \/>                    <\/div>\n    <\/div>\n    <div class=\"mkdf-di-second-image\"  data-parallax='{\"y\":25, \"smoothness\":10}' >\n        <div class=\"mkdf-image-wrapper\">\n    \t\t    \t\t\t    \t\t        <\/div>\n    <\/div>\n<\/div>\t\t<\/div>\n\t<\/div>\n<\/div><\/div><div class=\"vc_empty_space\"   style=\"height: 50px\"><span class=\"vc_empty_space_inner\"><\/span><\/div><\/div><\/div><\/div><div class=\"wpb_column vc_column_container vc_col-sm-12 vc_col-lg-6 vc_col-md-12\"><div class=\"vc_column-inner\"><div class=\"wpb_wrapper\"><div class=\"mkdf-elements-holder  mkdf-eh-full-height mkdf-one-column  mkdf-responsive-mode-768\" ><div class=\"mkdf-eh-item\"  data-item-class=\"mkdf-eh-custom-6180\" data-1367-1600=\"10% 0 0 0\" data-1025-1366=\"10% 0 0 0\" data-769-1024=\"10% 10% 0 10%\" data-681-768=\"10% 0 0 0\" data-680=\"10% 0 0 0\">\n\t<div class=\"mkdf-eh-item-inner\">\n\t\t<div class=\"mkdf-eh-item-content mkdf-eh-custom-6180\" style=\"padding: 10% 0 0 0\">\n\t\t\t<div class=\"mkdf-section-title-holder  mkdf-st-standard mkdf-st-title-left mkdf-st-normal-space\" >\n\t<div class=\"mkdf-st-inner\">\n\t\t\t\t\t<h2 class=\"mkdf-st-title\" >\n\t\t\t\tRegional products\t\t\t<\/h2>\n\t\t\t\t<div class=\"mkdf-separator-holder clearfix\">\n\t<div class=\"mkdf-separator\" style=\"width: 80px;border-bottom-width: 2px\"><\/div>\n<\/div>\n\t\t\t\t\t<p class=\"mkdf-st-text\" style=\"color: #4e4e4e;font-size: 20px;line-height: 32px\">\n\t\t\t\tTo keep transport distances short and thus protect the climate, all our dishes are prepared from regional products.\t\t\t<\/p>\n\t\t\t<\/div>\n<\/div><div class=\"vc_empty_space\"   style=\"height: 46px\"><span class=\"vc_empty_space_inner\"><\/span><\/div>\t\t<\/div>\n\t<\/div>\n<\/div><\/div><\/div><\/div><\/div><\/div><\/div><\/div><div class=\"mkdf-row-grid-section-wrapper mkdf-content-aligment-center\"  ><div class=\"mkdf-row-grid-section\"><div class=\"vc_row wpb_row vc_row-fluid mkdf-di-holder-right vc_custom_1624353974376 vc_row-o-equal-height vc_row-flex\" ><div class=\"wpb_column vc_column_container vc_col-sm-12 vc_col-lg-6 vc_col-md-12\"><div class=\"vc_column-inner\"><div class=\"wpb_wrapper\"><div class=\"mkdf-elements-holder   mkdf-one-column  mkdf-responsive-mode-768\" ><div class=\"mkdf-eh-item\"  data-item-class=\"mkdf-eh-custom-3390\" data-1367-1600=\"5% 0 0 0\" data-1025-1366=\"5% 0 0 0\" data-769-1024=\"10% 10% 0 10%\" data-681-768=\"10% 0 0 0\" data-680=\"10% 0 0 0\">\n\t<div class=\"mkdf-eh-item-inner\">\n\t\t<div class=\"mkdf-eh-item-content mkdf-eh-custom-3390\" style=\"padding: 5% 0 0 0\">\n\t\t\t<div class=\"vc_empty_space\"   style=\"height: 46px\"><span class=\"vc_empty_space_inner\"><\/span><\/div><div class=\"mkdf-section-title-holder  mkdf-st-standard mkdf-st-title-left mkdf-st-normal-space\" style=\"text-align: left\">\n\t<div class=\"mkdf-st-inner\">\n\t\t\t\t\t<h2 class=\"mkdf-st-title\" >\n\t\t\t\tSeasonal cuisine\t\t\t<\/h2>\n\t\t\t\t<div class=\"mkdf-separator-holder clearfix  mkdf-separator-left\">\n\t<div class=\"mkdf-separator\" style=\"width: 80px;border-bottom-width: 2px\"><\/div>\n<\/div>\n\t\t\t\t\t<p class=\"mkdf-st-text\" style=\"color: #4e4e4e;font-size: 20px;line-height: 32px\">\n\t\t\t\tWe always adapt our offer as much as possible to the season in order to ensure the sustainability of our food.\t\t\t<\/p>\n\t\t\t<\/div>\n<\/div>\t\t<\/div>\n\t<\/div>\n<\/div><\/div><\/div><\/div><\/div><div class=\"wpb_column vc_column_container vc_col-sm-12 vc_col-lg-6 vc_col-md-12\"><div class=\"vc_column-inner\"><div class=\"wpb_wrapper\"><div class=\"mkdf-elements-holder  mkdf-eh-full-height mkdf-one-column  mkdf-responsive-mode-768\" ><div class=\"mkdf-eh-item\"  data-item-class=\"mkdf-eh-custom-4343\" data-1367-1600=\"0% 0 0 0%\" data-1025-1366=\"0% 0 0 0%\" data-769-1024=\"10% 10% 0 10%\" data-681-768=\"10% 0 0 0\" data-680=\"10% 0 0 0\">\n\t<div class=\"mkdf-eh-item-inner\">\n\t\t<div class=\"mkdf-eh-item-content mkdf-eh-custom-4343\" style=\"padding: 0% 0 0 0%\">\n\t\t\t<div class=\"mkdf-dual-image-holder  mkdf-dual-image-position-left mkdf-image-parallax mkdf-image-appear\">\n    <div class=\"mkdf-di-main-image\"  data-parallax='{\"y\":75, \"smoothness\":10}' >\n        <div class=\"mkdf-image-wrapper\">\n                            <img loading=\"lazy\" decoding=\"async\" width=\"900\" height=\"520\" src=\"https:\/\/weyers-restaurant.de\/wp-content\/uploads\/2021\/06\/750-434-max-1.jpg\" class=\"attachment-full size-full\" alt=\"\" srcset=\"https:\/\/weyers-restaurant.de\/wp-content\/uploads\/2021\/06\/750-434-max-1.jpg 900w, https:\/\/weyers-restaurant.de\/wp-content\/uploads\/2021\/06\/750-434-max-1-300x173.jpg 300w, https:\/\/weyers-restaurant.de\/wp-content\/uploads\/2021\/06\/750-434-max-1-768x444.jpg 768w, https:\/\/weyers-restaurant.de\/wp-content\/uploads\/2021\/06\/750-434-max-1-16x9.jpg 16w\" sizes=\"auto, (max-width: 900px) 100vw, 900px\" \/>                    <\/div>\n    <\/div>\n    <div class=\"mkdf-di-second-image\"  data-parallax='{\"y\":25, \"smoothness\":10}' >\n        <div class=\"mkdf-image-wrapper\">\n    \t\t    \t\t\t    \t\t        <\/div>\n    <\/div>\n<\/div>\t\t<\/div>\n\t<\/div>\n<\/div><\/div><\/div><\/div><\/div><\/div><\/div><\/div><div class=\"mkdf-row-grid-section-wrapper\"  ><div class=\"mkdf-row-grid-section\"><div class=\"vc_row wpb_row vc_row-fluid swap-on-mobile vc_custom_1624452937263\" ><div class=\"wpb_column vc_column_container vc_col-sm-12 vc_col-lg-6 vc_col-md-12\"><div class=\"vc_column-inner\"><div class=\"wpb_wrapper\"><div class=\"mkdf-elements-holder   mkdf-one-column  mkdf-responsive-mode-768\" ><div class=\"mkdf-eh-item\"  data-item-class=\"mkdf-eh-custom-7778\" data-1367-1600=\"0% 42% 0 0\" data-1025-1366=\"0% 42% 0 0\" data-769-1024=\"0% 10% 0 10%\" data-681-768=\"0% 0% 0 0\" data-680=\"0% 0% 0 0\">\n\t<div class=\"mkdf-eh-item-inner\">\n\t\t<div class=\"mkdf-eh-item-content mkdf-eh-custom-7778\" style=\"padding: 0% 42% 0 0\">\n\t\t\t<div class=\"mkdf-dual-image-holder  mkdf-dual-image-position-right mkdf-image-parallax mkdf-image-appear\">\n    <div class=\"mkdf-di-main-image\"  data-parallax='{\"y\":75, \"smoothness\":10}' >\n        <div class=\"mkdf-image-wrapper\">\n                            <img loading=\"lazy\" decoding=\"async\" src=\"https:\/\/weyers-restaurant.de\/wp-content\/uploads\/2021\/06\/4096-3165-max-2-scaled-e1624356190654-380x580.jpg\" alt=\"\" width=\"380\" height=\"580\" \/>                    <\/div>\n    <\/div>\n    <div class=\"mkdf-di-second-image\"  data-parallax='{\"y\":25, \"smoothness\":10}' >\n        <div class=\"mkdf-image-wrapper\">\n    \t\t    \t\t\t    \t\t        <\/div>\n    <\/div>\n<\/div>\t\t<\/div>\n\t<\/div>\n<\/div><\/div><div class=\"vc_empty_space\"   style=\"height: 50px\"><span class=\"vc_empty_space_inner\"><\/span><\/div><\/div><\/div><\/div><div class=\"wpb_column vc_column_container vc_col-sm-12 vc_col-lg-6 vc_col-md-12\"><div class=\"vc_column-inner\"><div class=\"wpb_wrapper\"><div class=\"mkdf-elements-holder   mkdf-one-column  mkdf-responsive-mode-768\" ><div class=\"mkdf-eh-item\"  data-item-class=\"mkdf-eh-custom-6438\" data-1367-1600=\"10% 0 0 0\" data-1025-1366=\"10% 0 0 0\" data-769-1024=\"10% 10% 0 10%\" data-681-768=\"10% 0 0 0\" data-680=\"10% 0 0 0\">\n\t<div class=\"mkdf-eh-item-inner\">\n\t\t<div class=\"mkdf-eh-item-content mkdf-eh-custom-6438\" style=\"padding: 10% 0 0 0\">\n\t\t\t<div class=\"vc_empty_space\"   style=\"height: 46px\"><span class=\"vc_empty_space_inner\"><\/span><\/div><div class=\"mkdf-section-title-holder  mkdf-st-standard mkdf-st-title-left mkdf-st-normal-space\" >\n\t<div class=\"mkdf-st-inner\">\n\t\t\t\t\t<h2 class=\"mkdf-st-title\" >\n\t\t\t\tGuaranteed freshness\t\t\t<\/h2>\n\t\t\t\t<div class=\"mkdf-separator-holder clearfix\">\n\t<div class=\"mkdf-separator\" style=\"width: 80px;border-bottom-width: 2px\"><\/div>\n<\/div>\n\t\t\t\t\t<p class=\"mkdf-st-text\" style=\"color: #4e4e4e;font-size: 20px;line-height: 32px\">\n\t\t\t\tWe prepare our dishes exclusively from fresh products, some of which were even picked or harvested the day before.\t\t\t<\/p>\n\t\t\t<\/div>\n<\/div>\t\t<\/div>\n\t<\/div>\n<\/div><\/div><\/div><\/div><\/div><\/div><\/div><\/div><div class=\"mkdf-row-grid-section-wrapper\"  ><div class=\"mkdf-row-grid-section\"><div class=\"vc_row wpb_row vc_row-fluid mkdf-di-holder-right vc_custom_1624452890049\" ><div class=\"wpb_column vc_column_container vc_col-sm-12 vc_col-lg-6 vc_col-md-12\"><div class=\"vc_column-inner\"><div class=\"wpb_wrapper\"><div class=\"mkdf-elements-holder   mkdf-one-column  mkdf-responsive-mode-768\" ><div class=\"mkdf-eh-item\"  data-item-class=\"mkdf-eh-custom-8335\" data-1367-1600=\"5% 0 0 0\" data-1025-1366=\"5% 0 0 0\" data-769-1024=\"5% 10% 0 10%\" data-681-768=\"5% 0 0 0\" data-680=\"5% 0 0 0\">\n\t<div class=\"mkdf-eh-item-inner\">\n\t\t<div class=\"mkdf-eh-item-content mkdf-eh-custom-8335\" style=\"padding: 5% 0 0 0\">\n\t\t\t<div class=\"mkdf-section-title-holder  mkdf-st-standard mkdf-st-title-left mkdf-st-normal-space\" >\n\t<div class=\"mkdf-st-inner\">\n\t\t\t\t\t<h2 class=\"mkdf-st-title\" >\n\t\t\t\tProfessional preparation\t\t\t<\/h2>\n\t\t\t\t<div class=\"mkdf-separator-holder clearfix\">\n\t<div class=\"mkdf-separator\" style=\"width: 80px;border-bottom-width: 2px\"><\/div>\n<\/div>\n\t\t\t\t\t<p class=\"mkdf-st-text\" style=\"color: #4e4e4e;font-size: 20px;line-height: 32px\">\n\t\t\t\tOur chefs bring their experience from star cuisine into every dish. You can see and taste that!\t\t\t<\/p>\n\t\t\t<\/div>\n<\/div><div class=\"vc_empty_space\"   style=\"height: 46px\"><span class=\"vc_empty_space_inner\"><\/span><\/div>\t\t<\/div>\n\t<\/div>\n<\/div><\/div><\/div><\/div><\/div><div class=\"wpb_column vc_column_container vc_col-sm-12 vc_col-lg-6 vc_col-md-12\"><div class=\"vc_column-inner\"><div class=\"wpb_wrapper\"><div class=\"mkdf-elements-holder   mkdf-one-column  mkdf-responsive-mode-768\" ><div class=\"mkdf-eh-item\"  data-item-class=\"mkdf-eh-custom-4330\" data-1367-1600=\"-10% 0 0 0%\" data-1025-1366=\"-10% 0 0 0%\" data-769-1024=\"10% 10% 0 10%\" data-681-768=\"10% 0 0 0\" data-680=\"10% 0 0 0\">\n\t<div class=\"mkdf-eh-item-inner\">\n\t\t<div class=\"mkdf-eh-item-content mkdf-eh-custom-4330\" style=\"padding: -10% 0 0 0%\">\n\t\t\t<div class=\"mkdf-dual-image-holder dual-image-food-philosophy-4 mkdf-dual-image-position-right mkdf-image-parallax mkdf-image-appear\">\n    <div class=\"mkdf-di-main-image\"  data-parallax='{\"y\":75, \"smoothness\":10}' >\n        <div class=\"mkdf-image-wrapper\">\n                            <img loading=\"lazy\" decoding=\"async\" src=\"https:\/\/weyers-restaurant.de\/wp-content\/uploads\/2021\/06\/3924-3032-max-3-scaled-e1624357857824-600x700.jpg\" alt=\"\" width=\"600\" height=\"700\" \/>                    <\/div>\n    <\/div>\n    <div class=\"mkdf-di-second-image\"  data-parallax='{\"y\":25, \"smoothness\":10}' >\n        <div class=\"mkdf-image-wrapper\">\n    \t\t    \t\t\t    \t\t        <\/div>\n    <\/div>\n<\/div>\t\t<\/div>\n\t<\/div>\n<\/div><\/div><\/div><\/div><\/div><\/div><\/div><\/div>","protected":false},"excerpt":{"rendered":"Regional und hochwertig Beim Weyers legen wir gro\u00dfen Wert auf Qualit\u00e4t und Nachhaltigkeit unserer Lebensmittel. So kommt ein Gro\u00dfteil unserer Zutaten direkt von kleinen Betrieben aus der Region. Nur was unseren hohen Anspr\u00fcchen gen\u00fcgt, landet auch letztlich in unseren Gerichten und auf dem Teller. Erleben Sie traditionelle Deutsche K\u00fcche in beispielloser Qualit\u00e4t an der besten Adresse in Berlin. Regionale Produkte Um Transportwege kurz zu halten und so das Klima zu sch\u00fctzen, werden all unsere Speisen aus regionalen Produkten zubereitet. Saisonale K\u00fcche Wir passen unser Angebot stets so viel wie m\u00f6glich an die jeweilige Saison an, um die Nachhaltigkeit unserer Speisen [...]","protected":false},"author":2,"featured_media":0,"parent":0,"menu_order":0,"comment_status":"closed","ping_status":"closed","template":"full-width.php","meta":{"footnotes":""},"class_list":["post-5640","page","type-page","status-publish","hentry"],"_links":{"self":[{"href":"https:\/\/weyers-restaurant.de\/en\/wp-json\/wp\/v2\/pages\/5640","targetHints":{"allow":["GET"]}}],"collection":[{"href":"https:\/\/weyers-restaurant.de\/en\/wp-json\/wp\/v2\/pages"}],"about":[{"href":"https:\/\/weyers-restaurant.de\/en\/wp-json\/wp\/v2\/types\/page"}],"author":[{"embeddable":true,"href":"https:\/\/weyers-restaurant.de\/en\/wp-json\/wp\/v2\/users\/2"}],"replies":[{"embeddable":true,"href":"https:\/\/weyers-restaurant.de\/en\/wp-json\/wp\/v2\/comments?post=5640"}],"version-history":[{"count":81,"href":"https:\/\/weyers-restaurant.de\/en\/wp-json\/wp\/v2\/pages\/5640\/revisions"}],"predecessor-version":[{"id":6971,"href":"https:\/\/weyers-restaurant.de\/en\/wp-json\/wp\/v2\/pages\/5640\/revisions\/6971"}],"wp:attachment":[{"href":"https:\/\/weyers-restaurant.de\/en\/wp-json\/wp\/v2\/media?parent=5640"}],"curies":[{"name":"wp","href":"https:\/\/api.w.org\/{rel}","templated":true}]}}