{"id":5635,"date":"2021-06-08T05:08:13","date_gmt":"2021-06-08T03:08:13","guid":{"rendered":"https:\/\/dev.weyers-restaurant.de\/?page_id=5635"},"modified":"2021-06-30T12:40:29","modified_gmt":"2021-06-30T10:40:29","slug":"geschichte","status":"publish","type":"page","link":"https:\/\/weyers-restaurant.de\/en\/geschichte\/","title":{"rendered":"History"},"content":{"rendered":"<div class=\"mkdf-row-grid-section-wrapper\"  ><div class=\"mkdf-row-grid-section\"><div class=\"vc_row wpb_row vc_row-fluid vc_custom_1624308091615\" ><div class=\"wpb_column vc_column_container vc_col-sm-12\"><div class=\"vc_column-inner vc_custom_1624308146837\"><div class=\"wpb_wrapper\"><div class=\"mkdf-section-title-holder  mkdf-st-standard mkdf-st-title-left mkdf-st-normal-space\" style=\"text-align: center\">\n\t<div class=\"mkdf-st-inner\">\n\t\t\t\t\t<h2 class=\"mkdf-st-title\" >\n\t\t\t\tA restaurant with tradition\t\t\t<\/h2>\n\t\t\t\t<div class=\"mkdf-separator-holder clearfix  mkdf-separator-center\">\n\t<div class=\"mkdf-separator\" style=\"width: 80px;border-bottom-width: 2px\"><\/div>\n<\/div>\n\t\t\t\t\t<p class=\"mkdf-st-text\" style=\"font-size: 20px;line-height: 32px\">\n\t\t\t\tSince the 1990s, Weyers has been an integral part of Berlin's city life. The Weyers has always remained a regional constant and is an integral part of Ludwigskirchplatz. As a cultural meeting place, young and old regularly stop at Weyers to this day.\t\t\t<\/p>\n\t\t\t<\/div>\n<\/div><\/div><\/div><\/div><\/div><\/div><\/div><div class=\"mkdf-row-grid-section-wrapper\"  ><div class=\"mkdf-row-grid-section\"><div class=\"vc_row wpb_row vc_row-fluid swap-on-mobile vc_custom_1624448790529\" ><div class=\"wpb_column vc_column_container vc_col-sm-12 vc_col-lg-6 vc_col-md-12\"><div class=\"vc_column-inner\"><div class=\"wpb_wrapper\"><div class=\"mkdf-elements-holder   mkdf-one-column  mkdf-responsive-mode-768\" ><div class=\"mkdf-eh-item\"  data-item-class=\"mkdf-eh-custom-5136\" data-769-1024=\"0% 10% 10% 10%\" data-681-768=\"0% 0% 10% 0\" data-680=\"0% 0% 10% 0\">\n\t<div class=\"mkdf-eh-item-inner\">\n\t\t<div class=\"mkdf-eh-item-content mkdf-eh-custom-5136\" >\n\t\t\t<div class=\"mkdf-dual-image-holder  mkdf-dual-image-position-right mkdf-image-parallax mkdf-image-appear\">\n    <div class=\"mkdf-di-main-image\"  data-parallax='{\"y\":75, \"smoothness\":10}' >\n        <div class=\"mkdf-image-wrapper\">\n                            <img loading=\"lazy\" decoding=\"async\" src=\"https:\/\/weyers-restaurant.de\/wp-content\/uploads\/2021\/06\/1024-1426-e1624359541112-400x400.jpg\" alt=\"\" width=\"400\" height=\"400\" \/>                    <\/div>\n    <\/div>\n    <div class=\"mkdf-di-second-image\"  data-parallax='{\"y\":25, \"smoothness\":10}' >\n        <div class=\"mkdf-image-wrapper\">\n    \t\t    \t\t\t    \t\t        <\/div>\n    <\/div>\n<\/div>\t\t<\/div>\n\t<\/div>\n<\/div><\/div><div class=\"vc_empty_space\"   style=\"height: 50px\"><span class=\"vc_empty_space_inner\"><\/span><\/div><\/div><\/div><\/div><div class=\"wpb_column vc_column_container vc_col-sm-12 vc_col-lg-6 vc_col-md-12\"><div class=\"vc_column-inner\"><div class=\"wpb_wrapper\"><div class=\"mkdf-elements-holder   mkdf-one-column  mkdf-responsive-mode-768\" ><div class=\"mkdf-eh-item\"  data-item-class=\"mkdf-eh-custom-9418\" data-769-1024=\"20% 10% 0 10%\" data-681-768=\"20% 0 0 0\" data-680=\"20% 0 0 0\">\n\t<div class=\"mkdf-eh-item-inner\">\n\t\t<div class=\"mkdf-eh-item-content mkdf-eh-custom-9418\" >\n\t\t\t<div class=\"mkdf-section-title-holder  mkdf-st-standard mkdf-st-title-left mkdf-st-normal-space\" >\n\t<div class=\"mkdf-st-inner\">\n\t\t\t\t\t<h2 class=\"mkdf-st-title\" >\n\t\t\t\tFoundation\t\t\t<\/h2>\n\t\t\t\t<div class=\"mkdf-separator-holder clearfix\">\n\t<div class=\"mkdf-separator\" style=\"width: 80px;border-bottom-width: 2px\"><\/div>\n<\/div>\n\t\t\t\t\t<p class=\"mkdf-st-text\" style=\"color: #4e4e4e;font-size: 20px;line-height: 32px\">\n\t\t\t\t\"Weyers\" was founded in the fall of 1992 as a small store in Uhlandstr. with 30 seats. In the beginning, the small \"Caf\u00e9- Restaurant Weyers\" was run with just one cook and one waitress. In a short time the restaurant became very popular and won the hearts of many regulars with its charm.\t\t\t<\/p>\n\t\t\t<\/div>\n<\/div><div class=\"vc_empty_space\"   style=\"height: 46px\"><span class=\"vc_empty_space_inner\"><\/span><\/div>\t\t<\/div>\n\t<\/div>\n<\/div><\/div><\/div><\/div><\/div><\/div><\/div><\/div><div class=\"mkdf-row-grid-section-wrapper mkdf-content-aligment-center\"  ><div class=\"mkdf-row-grid-section\"><div class=\"vc_row wpb_row vc_row-fluid mkdf-di-holder-right vc_custom_1624360673507 vc_row-o-equal-height vc_row-flex\" ><div class=\"wpb_column vc_column_container vc_col-sm-12 vc_col-lg-6 vc_col-md-12\"><div class=\"vc_column-inner\"><div class=\"wpb_wrapper\"><div class=\"mkdf-elements-holder   mkdf-one-column  mkdf-responsive-mode-768\" ><div class=\"mkdf-eh-item\"  data-item-class=\"mkdf-eh-custom-1615\" data-1025-1366=\"29% 12% 0 0%\" data-769-1024=\"5% 10% 0 10%\" data-681-768=\"5% 0 0 0\" data-680=\"5% 0 0 0\">\n\t<div class=\"mkdf-eh-item-inner\">\n\t\t<div class=\"mkdf-eh-item-content mkdf-eh-custom-1615\" style=\"padding: 24% 12% 0 5%\">\n\t\t\t<div class=\"mkdf-section-title-holder  mkdf-st-standard mkdf-st-title-left mkdf-st-normal-space\" style=\"text-align: left\">\n\t<div class=\"mkdf-st-inner\">\n\t\t\t\t\t<h2 class=\"mkdf-st-title\" >\n\t\t\t\tThe early years\t\t\t<\/h2>\n\t\t\t\t<div class=\"mkdf-separator-holder clearfix  mkdf-separator-left\">\n\t<div class=\"mkdf-separator\" style=\"width: 80px;border-bottom-width: 2px\"><\/div>\n<\/div>\n\t\t\t\t\t<p class=\"mkdf-st-text\" style=\"color: #4e4e4e;font-size: 20px;line-height: 32px\">\n\t\t\t\tIn March 1998, \"Weyers\" then moved and opened at Ludwigkirchplatz, in Pariser Stra\u00dfe 16. Here a restaurant was created in a prime neighborhood location with a relaxed atmosphere, good German cuisine and reasonable prices. At the beginning the restaurant had 50 seats inside and about 200 seats outside and then in 2000 we expanded the interior by another 50 seats!\t\t\t<\/p>\n\t\t\t<\/div>\n<\/div><div class=\"vc_empty_space\"   style=\"height: 46px\"><span class=\"vc_empty_space_inner\"><\/span><\/div>\t\t<\/div>\n\t<\/div>\n<\/div><\/div><\/div><\/div><\/div><div class=\"wpb_column vc_column_container vc_col-sm-12 vc_col-lg-6 vc_col-md-12\"><div class=\"vc_column-inner\"><div class=\"wpb_wrapper\"><div class=\"mkdf-elements-holder  mkdf-eh-full-height mkdf-one-column  mkdf-responsive-mode-768\" ><div class=\"mkdf-eh-item\"  data-item-class=\"mkdf-eh-custom-4433\" data-769-1024=\"0% 10% 0 10%\" data-681-768=\"0% 0 0 0\" data-680=\"0% 0 0 0\">\n\t<div class=\"mkdf-eh-item-inner\">\n\t\t<div class=\"mkdf-eh-item-content mkdf-eh-custom-4433\" style=\"padding: 10% 0px 0px 0px\">\n\t\t\t<div class=\"mkdf-dual-image-holder  mkdf-dual-image-position-left mkdf-image-parallax mkdf-image-appear\">\n    <div class=\"mkdf-di-main-image\"  data-parallax='{\"y\":75, \"smoothness\":10}' >\n        <div class=\"mkdf-image-wrapper\">\n                            <img loading=\"lazy\" decoding=\"async\" src=\"https:\/\/weyers-restaurant.de\/wp-content\/uploads\/2021\/06\/f118507048-1-1-e1624359667867-450x500.jpg\" alt=\"\" width=\"450\" height=\"500\" \/>                    <\/div>\n    <\/div>\n    <div class=\"mkdf-di-second-image\"  data-parallax='{\"y\":25, \"smoothness\":10}' >\n        <div class=\"mkdf-image-wrapper\">\n    \t\t    \t\t\t    \t\t        <\/div>\n    <\/div>\n<\/div>\t\t<\/div>\n\t<\/div>\n<\/div><\/div><\/div><\/div><\/div><\/div><\/div><\/div><div class=\"mkdf-row-grid-section-wrapper\"  ><div class=\"mkdf-row-grid-section\"><div class=\"vc_row wpb_row vc_row-fluid swap-on-mobile vc_custom_1624402060920\" ><div class=\"wpb_column vc_column_container vc_col-sm-12 vc_col-lg-6 vc_col-md-12\"><div class=\"vc_column-inner\"><div class=\"wpb_wrapper\"><div class=\"mkdf-elements-holder   mkdf-one-column  mkdf-responsive-mode-768\" ><div class=\"mkdf-eh-item\"  data-item-class=\"mkdf-eh-custom-9180\" data-769-1024=\"10% 10% 0 10%\" data-681-768=\"10% 42% 0 0\" data-680=\"10% 42% 0 0\">\n\t<div class=\"mkdf-eh-item-inner\">\n\t\t<div class=\"mkdf-eh-item-content mkdf-eh-custom-9180\" >\n\t\t\t<div class=\"mkdf-dual-image-holder  mkdf-dual-image-position-right mkdf-image-parallax mkdf-image-appear\">\n    <div class=\"mkdf-di-main-image\"  data-parallax='{\"y\":75, \"smoothness\":10}' >\n        <div class=\"mkdf-image-wrapper\">\n                            <img loading=\"lazy\" decoding=\"async\" src=\"https:\/\/weyers-restaurant.de\/wp-content\/uploads\/2021\/06\/3419-2642-max-scaled-e1624360353986-380x580.jpg\" alt=\"\" width=\"380\" height=\"580\" \/>                    <\/div>\n    <\/div>\n    <div class=\"mkdf-di-second-image\"  data-parallax='{\"y\":25, \"smoothness\":10}' >\n        <div class=\"mkdf-image-wrapper\">\n    \t\t    \t\t\t    \t\t        <\/div>\n    <\/div>\n<\/div>\t\t<\/div>\n\t<\/div>\n<\/div><\/div><div class=\"vc_empty_space\"   style=\"height: 50px\"><span class=\"vc_empty_space_inner\"><\/span><\/div><\/div><\/div><\/div><div class=\"wpb_column vc_column_container vc_col-sm-12 vc_col-lg-6 vc_col-md-12\"><div class=\"vc_column-inner\"><div class=\"wpb_wrapper\"><div class=\"mkdf-elements-holder   mkdf-one-column  mkdf-responsive-mode-768\" ><div class=\"mkdf-eh-item\"  data-item-class=\"mkdf-eh-custom-8951\" data-769-1024=\"20% 10% 0 10%\" data-681-768=\"20% 0 0 0\" data-680=\"20% 0 0 0\">\n\t<div class=\"mkdf-eh-item-inner\">\n\t\t<div class=\"mkdf-eh-item-content mkdf-eh-custom-8951\" style=\"padding: 24% 0 0 0\">\n\t\t\t<div class=\"mkdf-section-title-holder  mkdf-st-standard mkdf-st-title-left mkdf-st-normal-space\" >\n\t<div class=\"mkdf-st-inner\">\n\t\t\t\t\t<h2 class=\"mkdf-st-title\" >\n\t\t\t\tCultural meeting place\t\t\t<\/h2>\n\t\t\t\t<div class=\"mkdf-separator-holder clearfix\">\n\t<div class=\"mkdf-separator\" style=\"width: 80px;border-bottom-width: 2px\"><\/div>\n<\/div>\n\t\t\t\t\t<p class=\"mkdf-st-text\" style=\"color: #4e4e4e;font-size: 20px;line-height: 32px\">\n\t\t\t\tThe \"Caf\u00e9- Restaurant Weyers\" is a popular meeting place for culture, art and level. Here meets a mixed audience from young to old to be spoiled by the excellent cuisine and friendly service\n...and this since 20 years...\t\t\t<\/p>\n\t\t\t<\/div>\n<\/div><div class=\"vc_empty_space\"   style=\"height: 46px\"><span class=\"vc_empty_space_inner\"><\/span><\/div>\t\t<\/div>\n\t<\/div>\n<\/div><\/div><\/div><\/div><\/div><\/div><\/div><\/div>","protected":false},"excerpt":{"rendered":"Ein Restaurant mit Tradition Seit den 90er Jahren ist das Weyers ein fester Bestandteil des Berliner Stadtlebens. Dabei ist das Weyers stets eine regionale Konstante geblieben und geh\u00f6rt fest zum Bild des Ludwigskirchplatzes. Als kultureller Treffpunkt kehren bis heute regelm\u00e4\u00dfig Jung und Alt im Weyers ein. Gr\u00fcndung Das \u201eWeyers\u201c wurde im Herbst 1992 als kleiner Laden in der Uhlandstr. mit 30 Pl\u00e4tzen gegr\u00fcndet. Mit gerade mal einem Koch und einer Servicekraft wurde anfangs das kleine \u201eCaf\u00e9- Restaurant Weyers\u201c betrieben. In kurzer Zeit wurde das Lokal sehr beliebt und gewann durch seinen Charme die Herzen vieler Stammg\u00e4ste. Die fr\u00fchen Jahre Im [...]","protected":false},"author":2,"featured_media":0,"parent":0,"menu_order":0,"comment_status":"closed","ping_status":"closed","template":"full-width.php","meta":{"footnotes":""},"class_list":["post-5635","page","type-page","status-publish","hentry"],"_links":{"self":[{"href":"https:\/\/weyers-restaurant.de\/en\/wp-json\/wp\/v2\/pages\/5635","targetHints":{"allow":["GET"]}}],"collection":[{"href":"https:\/\/weyers-restaurant.de\/en\/wp-json\/wp\/v2\/pages"}],"about":[{"href":"https:\/\/weyers-restaurant.de\/en\/wp-json\/wp\/v2\/types\/page"}],"author":[{"embeddable":true,"href":"https:\/\/weyers-restaurant.de\/en\/wp-json\/wp\/v2\/users\/2"}],"replies":[{"embeddable":true,"href":"https:\/\/weyers-restaurant.de\/en\/wp-json\/wp\/v2\/comments?post=5635"}],"version-history":[{"count":94,"href":"https:\/\/weyers-restaurant.de\/en\/wp-json\/wp\/v2\/pages\/5635\/revisions"}],"predecessor-version":[{"id":6963,"href":"https:\/\/weyers-restaurant.de\/en\/wp-json\/wp\/v2\/pages\/5635\/revisions\/6963"}],"wp:attachment":[{"href":"https:\/\/weyers-restaurant.de\/en\/wp-json\/wp\/v2\/media?parent=5635"}],"curies":[{"name":"wp","href":"https:\/\/api.w.org\/{rel}","templated":true}]}}