{"id":335,"date":"2018-06-07T09:24:43","date_gmt":"2018-06-07T07:24:43","guid":{"rendered":"http:\/\/ande.mikado-themes.com\/?page_id=335"},"modified":"2023-01-17T15:45:05","modified_gmt":"2023-01-17T14:45:05","slug":"reservierung","status":"publish","type":"page","link":"https:\/\/weyers-restaurant.de\/en\/reservierung\/","title":{"rendered":"Book a Table"},"content":{"rendered":"<div class=\"mkdf-row-grid-section-wrapper mkdf-content-aligment-center\"  ><div class=\"mkdf-row-grid-section\"><div class=\"vc_row wpb_row vc_row-fluid vc_custom_1530783076821\" ><div class=\"wpb_column vc_column_container vc_col-sm-12\"><div class=\"vc_column-inner\"><div class=\"wpb_wrapper\"><div class=\"mkdf-section-title-holder  mkdf-st-standard mkdf-st-title-left mkdf-st-normal-space\" style=\"padding: 0 21%\">\n\t<div class=\"mkdf-st-inner\">\n\t\t\t\t\t<h2 class=\"mkdf-st-title\" >\n\t\t\t\tJetzt reservieren !\t\t\t<\/h2>\n\t\t\t\t<div class=\"mkdf-separator-holder clearfix\">\n\t<div class=\"mkdf-separator\" style=\"width: 80px;border-bottom-width: 2px\"><\/div>\n<\/div>\n\t\t\t\t\t<h5 class=\"mkdf-st-text\" style=\"color: #4e4e4e;line-height: 32px\">\n\t\t\t\tYou can send us a reservation request using the form below. We will then check availability and let you know in a timely manner if we can offer you a table. Alternatively, you can also arrange a reservation by phone.\t\t\t<\/h5>\n\t\t\t<\/div>\n<\/div><\/div><\/div><\/div><\/div><\/div><\/div><div class=\"mkdf-row-grid-section-wrapper mkdf-content-aligment-center\"  ><div class=\"mkdf-row-grid-section\"><div class=\"vc_row wpb_row vc_row-fluid vc_custom_1530184046262\" ><div class=\"wpb_column vc_column_container vc_col-sm-12\"><div class=\"vc_column-inner\"><div class=\"wpb_wrapper\"><div class=\"mkdf-elements-holder   mkdf-one-column  mkdf-responsive-mode-768\" ><div class=\"mkdf-eh-item\"  data-item-class=\"mkdf-eh-custom-2702\" data-1025-1366=\"0 26.7%\" data-769-1024=\"0px 17.4%\" data-681-768=\"0 6.7%\" data-680=\"0px 3.6%\">\n\t<div class=\"mkdf-eh-item-inner\">\n\t\t<div class=\"mkdf-eh-item-content mkdf-eh-custom-2702\" style=\"padding: 0 30.4%\">\n\t\t\t\n\t<div class=\"wpb_raw_code wpb_content_element wpb_raw_html\" >\n\t\t<div class=\"wpb_wrapper\">\n\t\t\t<div style=\"display:flex;justify-content:center\"><div id='quandoo-booking-widget'><\/div><\/div><script src='https:\/\/booking-widget.quandoo.com\/index.js' data-merchant-id='95207'data-theme='light'data-primary-color='272a6d'><\/script>\n\t\t<\/div>\n\t<\/div>\n\t\t<\/div>\n\t<\/div>\n<\/div><\/div><\/div><\/div><\/div><\/div><\/div><\/div>","protected":false},"excerpt":{"rendered":"Jetzt reservieren ! Sie k\u00f6nnen \u00fcber das untenstehende Formular eine Reservierungsanfrage an uns stellen. Wir werden die Verf\u00fcgbarkeit im Anschluss pr\u00fcfen und Ihnen zeitnah mitteilen, ob wir Ihnen einen Tisch anbieten k\u00f6nnen. Alternativ k\u00f6nnen Sie auch telefonisch eine Reservierung vereinbaren.","protected":false},"author":1,"featured_media":0,"parent":0,"menu_order":0,"comment_status":"closed","ping_status":"closed","template":"full-width.php","meta":{"footnotes":""},"class_list":["post-335","page","type-page","status-publish","hentry"],"_links":{"self":[{"href":"https:\/\/weyers-restaurant.de\/en\/wp-json\/wp\/v2\/pages\/335","targetHints":{"allow":["GET"]}}],"collection":[{"href":"https:\/\/weyers-restaurant.de\/en\/wp-json\/wp\/v2\/pages"}],"about":[{"href":"https:\/\/weyers-restaurant.de\/en\/wp-json\/wp\/v2\/types\/page"}],"author":[{"embeddable":true,"href":"https:\/\/weyers-restaurant.de\/en\/wp-json\/wp\/v2\/users\/1"}],"replies":[{"embeddable":true,"href":"https:\/\/weyers-restaurant.de\/en\/wp-json\/wp\/v2\/comments?post=335"}],"version-history":[{"count":10,"href":"https:\/\/weyers-restaurant.de\/en\/wp-json\/wp\/v2\/pages\/335\/revisions"}],"predecessor-version":[{"id":7327,"href":"https:\/\/weyers-restaurant.de\/en\/wp-json\/wp\/v2\/pages\/335\/revisions\/7327"}],"wp:attachment":[{"href":"https:\/\/weyers-restaurant.de\/en\/wp-json\/wp\/v2\/media?parent=335"}],"curies":[{"name":"wp","href":"https:\/\/api.w.org\/{rel}","templated":true}]}}